{"id":558,"date":"2021-11-02T15:36:34","date_gmt":"2021-11-02T14:36:34","guid":{"rendered":"https:\/\/inflancka4.pl\/?page_id=558"},"modified":"2024-08-29T20:02:54","modified_gmt":"2024-08-29T18:02:54","slug":"ile-kosztuje-invisalign","status":"publish","type":"page","link":"https:\/\/inflancka4.pl\/index.php\/ile-kosztuje-invisalign\/","title":{"rendered":"Ile kosztuje Invisalign?"},"content":{"rendered":"\n<h2 class=\"wp-block-heading\">rozdzia\u0142 06<\/h2>\n\n\n\n<h3 class=\"wp-block-heading\">Ok, porozmawiajmy o pieni\u0105dzach\u2026<br><br>Nikt tak naprawd\u0119 nie lubi o tym rozmawia\u0107. Ale dla wielu os\u00f3b jest to decyduj\u0105cy czynnik, czy rozpocz\u0105\u0107 leczenie Invisalign, czy nie.<br>Ortodonci s\u0105 bardzo podobni do Ciebie. Mamy rodziny, bud\u017cety, wydatki i problemy finansowe. Wiemy, \u017ce bud\u017cety tylko na razie si\u0119 rozci\u0105gaj\u0105.<br>Podobnie jak wi\u0119kszo\u015b\u0107 zabieg\u00f3w medycznych i dentystycznych, jako\u015b\u0107 Invisalign nie jest tania&#8230;<br>Ale dzi\u0119ki poradom przedstawionym tutaj mo\u017cesz dowiedzie\u0107 si\u0119, jak wygodnie zap\u0142aci\u0107 za leczenie Invisalign dla siebie lub swojego dziecka.<\/h3>\n\n\n\n<h3 class=\"wp-block-heading\">Jaki jest rozs\u0105dny koszt Invisalign?<\/h3>\n\n\n\n<p>Koszt Invisalign jest bardzo zr\u00f3\u017cnicowany. Mo\u017ce wynosi\u0107 od 8,000 do 20.000 PLN. Najcz\u0119\u015bciej jednak wypada gdzie\u015b po\u015brodku. <strong><mark style=\"background-color:rgba(0, 0, 0, 0)\" class=\"has-inline-color has-vivid-cyan-blue-color\">Aby pozna\u0107 koszt Invisalign w  Inflancka 4 Dental Clinic, um\u00f3w sie na konsultacj\u0119<\/mark>.<\/strong><\/p>\n\n\n\n<p>Kiedy uwzgl\u0119dnisz inflacj\u0119, Invisalign faktycznie kosztuje <em>mniej<\/em> ni\u017c aparaty ortodontyczne dekady temu.<\/p>\n\n\n\n<p><strong>Dodatkowo, je\u015bli we\u017amiesz pod uwag\u0119 problemy zdrowotne, kt\u00f3rym dzi\u0119ki Invisalign mo\u017cesz zapobiec, zobaczysz, \u017ce <mark style=\"background-color:rgba(0, 0, 0, 0)\" class=\"has-inline-color has-vivid-cyan-blue-color\">leczenie Invisalign <\/mark>mo\u017ce by\u0107 jedn\u0105 z najlepszych inwestycji, jakich mo\u017cesz dokona\u0107.<\/strong><\/p>\n\n\n\n<p><em>Rozwa\u017c \u017ce:<\/em><\/p>\n\n\n\n<ul class=\"wp-block-list\">\n<li>Wady zgryzu mog\u0105 powodowa\u0107 w przysz\u0142o\u015bci potrzeb\u0119 leczenia lub kosmetycznych prac dentystycznych, kt\u00f3re mog\u0105 kosztowa\u0107 od 5000 do 40 000 PLN.<\/li>\n\n\n\n<li>Leczenie chor\u00f3b dzi\u0105se\u0142 spowodowanych st\u0142oczeniem z\u0119b\u00f3w mo\u017ce kosztowa\u0107 ponad 3000 PLN rocznie na leczenie.<\/li>\n\n\n\n<li>Nieprawid\u0142owy zgryz mo\u017ce powodowa\u0107 b\u00f3l szcz\u0119ki, co wymaga leczenia szyn\u0105 TMJ lub lek\u00f3w na migrenowe b\u00f3le g\u0142owy, kt\u00f3re mog\u0105 kosztowa\u0107 setki z\u0142otych rocznie.<\/li>\n<\/ul>\n\n\n\n<p>Brak leczenia Twoich problem\u00f3w z z\u0119bami i zgryzem mo\u017ce ostatecznie kosztowa\u0107 10 razy wi\u0119cej ni\u017c jednorazowa inwestycja w Invisalign.&nbsp;<\/p>\n\n\n\n<p>Bior\u0105c pod uwag\u0119 koszt Invisalign, oto wszystko, co faktycznie dostajesz w tej cenie w Inflancka 4 Dental Clinic:<\/p>\n\n\n\n<ul class=\"wp-block-list\">\n<li>Wszystkie wymagane spotkania w gabinecie<\/li>\n\n\n\n<li>Nak\u0142adki Invisalign <span class=\"has-inline-color has-vivid-red-color\">plus wszelkie dodatkowe aparaty<\/span><\/li>\n\n\n\n<li>Retainery po zako\u0144czeniu leczenia Invisalign<\/li>\n<\/ul>\n\n\n\n<h2 class=\"wp-block-heading\">Invisalign jest ta\u0144szy ni\u017c my\u015blisz<\/h2>\n\n\n\n<p>Z do\u015bwiadczenia wiemy, \u017ce dla wi\u0119kszo\u015bci rodzin cena Invisalign jest zaskakuj\u0105co przyst\u0119pna. <\/p>\n\n\n\n<p>Chocia\u017c nigdy nie jest idealnym rozwi\u0105zaniem, aby doda\u0107 kolejny miesi\u0119czny wydatek do bud\u017cetu, wi\u0119kszo\u015b\u0107 ludzi ka\u017cdego miesi\u0105ca wydaje wi\u0119cej pieni\u0119dzy na rzeczy mniej wa\u017cne dla ich zdrowia i dobrego samopoczucia, takie jak\u2026<\/p>\n\n\n\n<ul class=\"wp-block-list\">\n<li>Rozrywka taka jak filmy i muzyka czy gry w sieci<\/li>\n\n\n\n<li>Bilety na filmy lub mecz sportowy <em>(plus du\u017cy popcorn i napoje gazowane)<\/em><\/li>\n\n\n\n<li>Regularne wycieczki do spa lub salonu paznokci, czy fryzjera<\/li>\n\n\n\n<li>Codzienna kawa na mie\u015bcie.<\/li>\n<\/ul>\n\n\n\n<p>Obcinaj\u0105c lub redukuj\u0105c <em>nawet jeden<\/em> z wymienionych powy\u017cej wydatk\u00f3w, prawdopodobnie uwolnisz fundusze niezb\u0119dne do leczenia Invisalign.<\/p>\n\n\n\n<p>Wi\u0119kszo\u015b\u0107 ludzi mo\u017ce spojrze\u0107 na miesi\u0119czny wyci\u0105g z karty kredytowej, aby znale\u017a\u0107 kilka mniej wa\u017cnych wydatk\u00f3w i uwolni\u0107 niezb\u0119dne \u015brodki na Invisalign <em>bez radykalnej zmiany stylu \u017cycia.<\/em><\/p>\n\n\n\n<p>Gdy leczenie Invisalign si\u0119 op\u0142aci, mo\u017cesz wr\u00f3ci\u0107 do tych czynno\u015bci, <strong>maj\u0105c<\/strong> jednocze\u015bnie <strong>pewno\u015b\u0107, \u017ce Twoje z\u0119by b\u0119d\u0105 wygl\u0105da\u0107 oraz czu\u0107 si\u0119 \u015bwietnie przez ca\u0142e \u017cycie!<\/strong><\/p>\n\n\n\n<p><strong>Prawda jest taka, \u017ce \u200b\u200bwiele os\u00f3b wyda w tym miesi\u0105cu wi\u0119cej na u\u017cywki, ni\u017c by\u0142oby konieczne, aby zap\u0142aci\u0107 za leczenie Invisalign.<\/strong><\/p>\n\n\n\n<figure class=\"wp-block-image\"><img decoding=\"async\" src=\"https:\/\/2ci71k1dajl0pb23zdas4011-wpengine.netdna-ssl.com\/wp-content\/uploads\/2019\/08\/coffee.png\" alt=\"szelki kosztuj\u0105 zaledwie fili\u017cank\u0119 kawy dziennie\"\/><\/figure>\n\n\n\n<p>Nie ma co do tego w\u0105tpliwo\u015bci; Leczenie Invisalign nie jest tanie\u2026<\/p>\n\n\n\n<p>Ale uwa\u017cnie przygl\u0105daj\u0105c si\u0119 swoim miesi\u0119cznym wydatkom\u2026 <strong>prawie ka\u017cdy mo\u017ce sobie pozwoli\u0107 na koszt Invisalign.<\/strong> Teraz, gdy mamy ju\u017c za sob\u0105 koszty Invisalign, porozmawiajmy <span class=\"has-inline-color has-vivid-cyan-blue-color\">o zaletach i wadach leczenia Invisalign<\/span>.<\/p>\n\n\n\n<p>Kliknij poni\u017cej, aby kontynuowa\u0107 czytanie w rozdziale 7. Przejd\u017a do rozdzia\u0142u 7<\/p>\n\n\n\n<p><a href=\"https:\/\/yourazbraces-com.translate.goog\/97invisalign\/?_x_tr_sl=auto&amp;_x_tr_tl=pl&amp;_x_tr_hl=pl&amp;_x_tr_pto=nui\"><\/a><\/p>\n\n\n\n<h2 class=\"wp-block-heading\">Um\u00f3w si\u0119 na konsultacj\u0119 Invisalign dla Ciebie lub Twojego dziecka<\/h2>\n\n\n\n<p>Mo\u017cesz um\u00f3wi\u0107 si\u0119 na konsultacj\u0119 dotycz\u0105c\u0105 Invisalign<a href=\"https:\/\/yourazbraces-com.translate.goog\/find-a-location-near-you\/?_x_tr_sl=auto&amp;_x_tr_tl=pl&amp;_x_tr_hl=pl&amp;_x_tr_pto=nui\">,<\/a> aby dowiedzie\u0107 si\u0119, czy Invisalign jest dla Ciebie najlepszym wyborem.&nbsp;<\/p>\n\n\n\n<p>Konsultacja Invisalign to 95% odpowiedzi na najwa\u017cniejsze pytania i w\u0105tpliwo\u015bci bezpo\u015brednio od profesjonalisty, takiego jak:<\/p>\n\n\n\n<p><img decoding=\"async\" src=\"https:\/\/2ci71k1dajl0pb23zdas4011-wpengine.netdna-ssl.com\/wp-content\/uploads\/2019\/07\/check.png\" width=\"25\"> &nbsp; Czy Invisalign b\u0119dzie dla mnie odpowiedni?<\/p>\n\n\n\n<p><img decoding=\"async\" src=\"https:\/\/2ci71k1dajl0pb23zdas4011-wpengine.netdna-ssl.com\/wp-content\/uploads\/2019\/07\/check.png\" width=\"25\"> &nbsp; Jakich koszt\u00f3w nale\u017cy si\u0119 spodziewa\u0107?<\/p>\n\n\n\n<p><img decoding=\"async\" src=\"https:\/\/2ci71k1dajl0pb23zdas4011-wpengine.netdna-ssl.com\/wp-content\/uploads\/2019\/07\/check.png\" width=\"25\"> &nbsp; Jak d\u0142ugo trwa leczenie Invisalign?<\/p>\n\n\n\n<p><img decoding=\"async\" src=\"https:\/\/2ci71k1dajl0pb23zdas4011-wpengine.netdna-ssl.com\/wp-content\/uploads\/2019\/07\/check.png\" width=\"25\"> &nbsp; I wszelkie inne pytania, kt\u00f3re mo\u017cesz mie\u0107. <\/p>\n\n\n\n<p><mark style=\"background-color:rgba(0, 0, 0, 0)\" class=\"has-inline-color has-vivid-cyan-blue-color\">Um\u00f3w si\u0119 na konsultacj\u0119<\/mark><\/p>\n\n\n\n<div class=\"wp-block-group\"><div class=\"wp-block-group__inner-container is-layout-flow wp-block-group-is-layout-flow\">\n<div class=\"wp-block-columns is-layout-flex wp-container-core-columns-is-layout-9d6595d7 wp-block-columns-is-layout-flex\">\n<div class=\"wp-block-column is-layout-flow wp-block-column-is-layout-flow\">\n<div class=\"wp-block-group\"><div class=\"wp-block-group__inner-container is-layout-flow wp-block-group-is-layout-flow\">\n<h2 class=\"wp-block-heading\"><a href=\"https:\/\/inflancka4.pl\/index.php\/jak-dziala-invisalign\/\">rozdzia\u0142 01<\/a><\/h2>\n\n\n\n<figure class=\"wp-block-image size-full\"><img fetchpriority=\"high\" decoding=\"async\" width=\"768\" height=\"408\" src=\"https:\/\/inflancka4.pl\/wp-content\/uploads\/2021\/11\/JAK-DZILA-INVISALIGN.jpg\" alt=\"\" class=\"wp-image-842\" srcset=\"https:\/\/inflancka4.pl\/wp-content\/uploads\/2021\/11\/JAK-DZILA-INVISALIGN.jpg 768w, https:\/\/inflancka4.pl\/wp-content\/uploads\/2021\/11\/JAK-DZILA-INVISALIGN-300x159.jpg 300w, https:\/\/inflancka4.pl\/wp-content\/uploads\/2021\/11\/JAK-DZILA-INVISALIGN-350x186.jpg 350w\" sizes=\"(max-width: 768px) 100vw, 768px\" \/><\/figure>\n\n\n\n<p><strong><a href=\"https:\/\/inflancka4.pl\/index.php\/jak-dziala-invisalign\/\">Jak dzia\u0142a Invisalign?<\/a><\/strong><\/p>\n<\/div><\/div>\n<\/div>\n\n\n\n<div class=\"wp-block-column is-layout-flow wp-block-column-is-layout-flow\">\n<div class=\"wp-block-group\"><div class=\"wp-block-group__inner-container is-layout-flow wp-block-group-is-layout-flow\">\n<h2 class=\"wp-block-heading\"><a href=\"https:\/\/inflancka4.pl\/index.php\/czy-invisalign\/\">rozdzia\u0142 02<\/a><\/h2>\n\n\n\n<figure class=\"wp-block-image size-full\"><img decoding=\"async\" width=\"768\" height=\"408\" src=\"https:\/\/inflancka4.pl\/wp-content\/uploads\/2021\/11\/czy-invisalign-naprawia-wady-zgryzu.jpg\" alt=\"\" class=\"wp-image-838\" srcset=\"https:\/\/inflancka4.pl\/wp-content\/uploads\/2021\/11\/czy-invisalign-naprawia-wady-zgryzu.jpg 768w, https:\/\/inflancka4.pl\/wp-content\/uploads\/2021\/11\/czy-invisalign-naprawia-wady-zgryzu-300x159.jpg 300w, https:\/\/inflancka4.pl\/wp-content\/uploads\/2021\/11\/czy-invisalign-naprawia-wady-zgryzu-350x186.jpg 350w\" sizes=\"(max-width: 768px) 100vw, 768px\" \/><\/figure>\n\n\n\n<p><strong><a href=\"https:\/\/inflancka4.pl\/index.php\/czy-invisalign\/\">Czy Invisalign mo\u017ce naprawi\u0107 nadmierne zgryzy i inne problemy z ugryzieniem? <\/a><\/strong><\/p>\n<\/div><\/div>\n<\/div>\n\n\n\n<div class=\"wp-block-column is-layout-flow wp-block-column-is-layout-flow\">\n<div class=\"wp-block-group\"><div class=\"wp-block-group__inner-container is-layout-flow wp-block-group-is-layout-flow\">\n<h2 class=\"wp-block-heading\"><a href=\"https:\/\/inflancka4.pl\/index.php\/invisalign-for-all\/\">rozdzia\u0142 03<\/a><\/h2>\n\n\n\n<figure class=\"wp-block-image size-large\"><img decoding=\"async\" width=\"1024\" height=\"544\" src=\"https:\/\/inflancka4.pl\/wp-content\/uploads\/2022\/01\/invisalign_dla-dzieci1200x638-1024x544.png\" alt=\"\" class=\"wp-image-1065\" srcset=\"https:\/\/inflancka4.pl\/wp-content\/uploads\/2022\/01\/invisalign_dla-dzieci1200x638-1024x544.png 1024w, https:\/\/inflancka4.pl\/wp-content\/uploads\/2022\/01\/invisalign_dla-dzieci1200x638-300x159.png 300w, https:\/\/inflancka4.pl\/wp-content\/uploads\/2022\/01\/invisalign_dla-dzieci1200x638-768x408.png 768w, https:\/\/inflancka4.pl\/wp-content\/uploads\/2022\/01\/invisalign_dla-dzieci1200x638-350x186.png 350w, https:\/\/inflancka4.pl\/wp-content\/uploads\/2022\/01\/invisalign_dla-dzieci1200x638.png 1200w\" sizes=\"(max-width: 1024px) 100vw, 1024px\" \/><\/figure>\n\n\n\n<p><strong><a href=\"https:\/\/inflancka4.pl\/index.php\/invisalign-for-all\/\">Invisalign dla doros\u0142ych, nastolatk\u00f3w i dzieci <\/a><\/strong><\/p>\n<\/div><\/div>\n<\/div>\n<\/div>\n\n\n\n<div class=\"wp-block-columns is-layout-flex wp-container-core-columns-is-layout-9d6595d7 wp-block-columns-is-layout-flex\">\n<div class=\"wp-block-column is-layout-flow wp-block-column-is-layout-flow\">\n<div class=\"wp-block-group\"><div class=\"wp-block-group__inner-container is-layout-flow wp-block-group-is-layout-flow\">\n<h2 class=\"wp-block-heading\"><a href=\"https:\/\/inflancka4.pl\/index.php\/jak-wybrac-orto-invisalign\/\">rozdzia\u0142 04<\/a><\/h2>\n\n\n\n<figure class=\"wp-block-image size-full\"><img loading=\"lazy\" decoding=\"async\" width=\"768\" height=\"408\" src=\"https:\/\/inflancka4.pl\/wp-content\/uploads\/2021\/11\/how-to-choose-the-best-Invisalign-doctor_A.jpg\" alt=\"\" class=\"wp-image-830\" srcset=\"https:\/\/inflancka4.pl\/wp-content\/uploads\/2021\/11\/how-to-choose-the-best-Invisalign-doctor_A.jpg 768w, https:\/\/inflancka4.pl\/wp-content\/uploads\/2021\/11\/how-to-choose-the-best-Invisalign-doctor_A-300x159.jpg 300w, https:\/\/inflancka4.pl\/wp-content\/uploads\/2021\/11\/how-to-choose-the-best-Invisalign-doctor_A-350x186.jpg 350w\" sizes=\"(max-width: 768px) 100vw, 768px\" \/><\/figure>\n\n\n\n<p><strong><a href=\"https:\/\/inflancka4.pl\/index.php\/jak-wybrac-orto-invisalign\/\">Jak wybra\u0107 najlepszego ortodont\u0119 Invisalign?<\/a><\/strong><\/p>\n<\/div><\/div>\n<\/div>\n\n\n\n<div class=\"wp-block-column is-layout-flow wp-block-column-is-layout-flow\">\n<div class=\"wp-block-group\"><div class=\"wp-block-group__inner-container is-layout-flow wp-block-group-is-layout-flow\">\n<h2 class=\"wp-block-heading\"><a href=\"https:\/\/inflancka4.pl\/index.php\/jak-dlugo-trwa-invisalign\/\">rozdzia\u0142 05<\/a><\/h2>\n\n\n\n<figure class=\"wp-block-image size-full\"><img loading=\"lazy\" decoding=\"async\" width=\"768\" height=\"408\" src=\"https:\/\/inflancka4.pl\/wp-content\/uploads\/2021\/11\/JAK-DLUGO-TRWA-LECZENIE-INVISALIG.jpg\" alt=\"\" class=\"wp-image-841\" srcset=\"https:\/\/inflancka4.pl\/wp-content\/uploads\/2021\/11\/JAK-DLUGO-TRWA-LECZENIE-INVISALIG.jpg 768w, https:\/\/inflancka4.pl\/wp-content\/uploads\/2021\/11\/JAK-DLUGO-TRWA-LECZENIE-INVISALIG-300x159.jpg 300w, https:\/\/inflancka4.pl\/wp-content\/uploads\/2021\/11\/JAK-DLUGO-TRWA-LECZENIE-INVISALIG-350x186.jpg 350w\" sizes=\"(max-width: 768px) 100vw, 768px\" \/><\/figure>\n\n\n\n<p><strong><a href=\"https:\/\/inflancka4.pl\/index.php\/jak-dlugo-trwa-invisalign\/\">Jak d\u0142ugo trwa Invisalign?<\/a><\/strong><\/p>\n<\/div><\/div>\n<\/div>\n\n\n\n<div class=\"wp-block-column is-layout-flow wp-block-column-is-layout-flow\">\n<div class=\"wp-block-group\"><div class=\"wp-block-group__inner-container is-layout-flow wp-block-group-is-layout-flow\">\n<h2 class=\"wp-block-heading\"><a href=\"https:\/\/inflancka4.pl\/index.php\/ile-kosztuje-invisalign\/\">rozdzia\u0142 06<\/a><\/h2>\n\n\n\n<figure class=\"wp-block-image size-full\"><img loading=\"lazy\" decoding=\"async\" width=\"768\" height=\"408\" src=\"https:\/\/inflancka4.pl\/wp-content\/uploads\/2021\/11\/ILE-KOSZTUJE-INVISALIGN.jpg\" alt=\"\" class=\"wp-image-831\" srcset=\"https:\/\/inflancka4.pl\/wp-content\/uploads\/2021\/11\/ILE-KOSZTUJE-INVISALIGN.jpg 768w, https:\/\/inflancka4.pl\/wp-content\/uploads\/2021\/11\/ILE-KOSZTUJE-INVISALIGN-300x159.jpg 300w, https:\/\/inflancka4.pl\/wp-content\/uploads\/2021\/11\/ILE-KOSZTUJE-INVISALIGN-350x186.jpg 350w\" sizes=\"(max-width: 768px) 100vw, 768px\" \/><\/figure>\n\n\n\n<p><a href=\"https:\/\/yourazbraces-com.translate.goog\/braces-for-kids\/invisalign-vs-braces\/?_x_tr_sl=auto&amp;_x_tr_tl=pl&amp;_x_tr_hl=pl&amp;_x_tr_pto=nui\"><\/a><strong><a href=\"https:\/\/inflancka4.pl\/index.php\/ile-kosztuje-invisalign\/\">Ile kosztuje Invisalign?<\/a><\/strong><\/p>\n<\/div><\/div>\n<\/div>\n<\/div>\n\n\n\n<div class=\"wp-block-columns is-layout-flex wp-container-core-columns-is-layout-9d6595d7 wp-block-columns-is-layout-flex\">\n<div class=\"wp-block-column is-layout-flow wp-block-column-is-layout-flow\">\n<div class=\"wp-block-group\"><div class=\"wp-block-group__inner-container is-layout-flow wp-block-group-is-layout-flow\">\n<h2 class=\"wp-block-heading\"><a href=\"https:\/\/inflancka4.pl\/index.php\/plusy-i-minusy-invisalign\/\">rozdzia\u0142 07<\/a><\/h2>\n\n\n\n<figure class=\"wp-block-image size-large\"><img loading=\"lazy\" decoding=\"async\" width=\"1024\" height=\"544\" src=\"https:\/\/inflancka4.pl\/wp-content\/uploads\/2022\/01\/plusy-i-minusy-invisalign-1024x544.png\" alt=\"\" class=\"wp-image-1028\" srcset=\"https:\/\/inflancka4.pl\/wp-content\/uploads\/2022\/01\/plusy-i-minusy-invisalign-1024x544.png 1024w, https:\/\/inflancka4.pl\/wp-content\/uploads\/2022\/01\/plusy-i-minusy-invisalign-300x159.png 300w, https:\/\/inflancka4.pl\/wp-content\/uploads\/2022\/01\/plusy-i-minusy-invisalign-768x408.png 768w, https:\/\/inflancka4.pl\/wp-content\/uploads\/2022\/01\/plusy-i-minusy-invisalign-350x186.png 350w, https:\/\/inflancka4.pl\/wp-content\/uploads\/2022\/01\/plusy-i-minusy-invisalign.png 1406w\" sizes=\"(max-width: 1024px) 100vw, 1024px\" \/><\/figure>\n\n\n\n<p><strong><a href=\"https:\/\/inflancka4.pl\/index.php\/plusy-i-minusy-invisalign\/\">Plusy i minusy Invisalign<\/a><\/strong><\/p>\n<\/div><\/div>\n<\/div>\n\n\n\n<div class=\"wp-block-column is-layout-flow wp-block-column-is-layout-flow\">\n<div class=\"wp-block-group\"><div class=\"wp-block-group__inner-container is-layout-flow wp-block-group-is-layout-flow\">\n<h2 class=\"wp-block-heading\"><a href=\"https:\/\/inflancka4.pl\/index.php\/invisalign-przed-i-po\/\">rozdzia\u0142 08<\/a><\/h2>\n\n\n\n<figure class=\"wp-block-image size-large\"><img loading=\"lazy\" decoding=\"async\" width=\"1024\" height=\"546\" src=\"https:\/\/inflancka4.pl\/wp-content\/uploads\/2022\/01\/Invisalign_przed_i_po-1-1024x546.png\" alt=\"\" class=\"wp-image-1094\" srcset=\"https:\/\/inflancka4.pl\/wp-content\/uploads\/2022\/01\/Invisalign_przed_i_po-1-1024x546.png 1024w, https:\/\/inflancka4.pl\/wp-content\/uploads\/2022\/01\/Invisalign_przed_i_po-1-300x160.png 300w, https:\/\/inflancka4.pl\/wp-content\/uploads\/2022\/01\/Invisalign_przed_i_po-1-768x409.png 768w, https:\/\/inflancka4.pl\/wp-content\/uploads\/2022\/01\/Invisalign_przed_i_po-1-350x187.png 350w, https:\/\/inflancka4.pl\/wp-content\/uploads\/2022\/01\/Invisalign_przed_i_po-1.png 1197w\" sizes=\"(max-width: 1024px) 100vw, 1024px\" \/><\/figure>\n\n\n\n<p><a href=\"https:\/\/yourazbraces-com.translate.goog\/braces-for-kids\/living-with-braces\/?_x_tr_sl=auto&amp;_x_tr_tl=pl&amp;_x_tr_hl=pl&amp;_x_tr_pto=nui\"><\/a><strong><a href=\"https:\/\/inflancka4.pl\/index.php\/invisalign-przed-i-po\/\">Invisalign przed i po<\/a><\/strong><\/p>\n<\/div><\/div>\n<\/div>\n\n\n\n<div class=\"wp-block-column is-layout-flow wp-block-column-is-layout-flow\"><\/div>\n<\/div>\n\n\n\n<div class=\"wp-block-columns is-layout-flex wp-container-core-columns-is-layout-9d6595d7 wp-block-columns-is-layout-flex\">\n<div class=\"wp-block-column is-layout-flow wp-block-column-is-layout-flow\"><\/div>\n\n\n\n<div class=\"wp-block-column is-layout-flow wp-block-column-is-layout-flow\">\n<h2 class=\"wp-block-heading\"><a href=\"https:\/\/inflancka4.pl\/index.php\/konsultacja-invisalign\/\">rozdzia\u0142 10<\/a><\/h2>\n\n\n\n<figure class=\"wp-block-image size-full\"><img loading=\"lazy\" decoding=\"async\" width=\"768\" height=\"408\" src=\"https:\/\/inflancka4.pl\/wp-content\/uploads\/2021\/11\/czego-oczekiwac-po-kosult-invisa.jpg\" alt=\"\" class=\"wp-image-835\" srcset=\"https:\/\/inflancka4.pl\/wp-content\/uploads\/2021\/11\/czego-oczekiwac-po-kosult-invisa.jpg 768w, https:\/\/inflancka4.pl\/wp-content\/uploads\/2021\/11\/czego-oczekiwac-po-kosult-invisa-300x159.jpg 300w, https:\/\/inflancka4.pl\/wp-content\/uploads\/2021\/11\/czego-oczekiwac-po-kosult-invisa-350x186.jpg 350w\" sizes=\"(max-width: 768px) 100vw, 768px\" \/><\/figure>\n\n\n\n<p><a href=\"https:\/\/inflancka4.pl\/index.php\/konsultacja-invisalign\/\">Konsultacja Invisalign<\/a><\/p>\n<\/div>\n\n\n\n<div class=\"wp-block-column is-layout-flow wp-block-column-is-layout-flow\"><\/div>\n<\/div>\n<\/div><\/div>\n","protected":false},"excerpt":{"rendered":"<p>rozdzia\u0142 06 Ok, porozmawiajmy o pieni\u0105dzach\u2026 Nikt tak naprawd\u0119 nie lubi o tym rozmawia\u0107. Ale dla wielu os\u00f3b jest to decyduj\u0105cy czynnik, czy rozpocz\u0105\u0107 &hellip; <a href=\"https:\/\/inflancka4.pl\/index.php\/ile-kosztuje-invisalign\/\" class=\"readmore\">More <span class=\"screen-reader-text\">Ile kosztuje Invisalign?<\/span> &raquo;<\/a><\/p>\n","protected":false},"author":1,"featured_media":831,"parent":0,"menu_order":0,"comment_status":"closed","ping_status":"closed","template":"template-fullwidth.php","meta":{"_monsterinsights_skip_tracking":false,"_monsterinsights_sitenote_active":false,"_monsterinsights_sitenote_note":"","_monsterinsights_sitenote_category":0,"footnotes":""},"class_list":["post-558","page","type-page","status-publish","has-post-thumbnail","hentry"],"aioseo_notices":[],"_links":{"self":[{"href":"https:\/\/inflancka4.pl\/index.php\/wp-json\/wp\/v2\/pages\/558","targetHints":{"allow":["GET"]}}],"collection":[{"href":"https:\/\/inflancka4.pl\/index.php\/wp-json\/wp\/v2\/pages"}],"about":[{"href":"https:\/\/inflancka4.pl\/index.php\/wp-json\/wp\/v2\/types\/page"}],"author":[{"embeddable":true,"href":"https:\/\/inflancka4.pl\/index.php\/wp-json\/wp\/v2\/users\/1"}],"replies":[{"embeddable":true,"href":"https:\/\/inflancka4.pl\/index.php\/wp-json\/wp\/v2\/comments?post=558"}],"version-history":[{"count":14,"href":"https:\/\/inflancka4.pl\/index.php\/wp-json\/wp\/v2\/pages\/558\/revisions"}],"predecessor-version":[{"id":1649,"href":"https:\/\/inflancka4.pl\/index.php\/wp-json\/wp\/v2\/pages\/558\/revisions\/1649"}],"wp:featuredmedia":[{"embeddable":true,"href":"https:\/\/inflancka4.pl\/index.php\/wp-json\/wp\/v2\/media\/831"}],"wp:attachment":[{"href":"https:\/\/inflancka4.pl\/index.php\/wp-json\/wp\/v2\/media?parent=558"}],"curies":[{"name":"wp","href":"https:\/\/api.w.org\/{rel}","templated":true}]}}