{"id":47,"date":"2021-09-27T13:08:49","date_gmt":"2021-09-27T11:08:49","guid":{"rendered":"http:\/\/inflancka4.pl\/?page_id=47"},"modified":"2024-03-18T17:03:50","modified_gmt":"2024-03-18T16:03:50","slug":"implanty-zebow","status":"publish","type":"page","link":"https:\/\/inflancka4.pl\/index.php\/implanty-zebow\/","title":{"rendered":"Implanty z\u0119b\u00f3w"},"content":{"rendered":"\n<p>Implantologia to nowoczesna dziedzina stomatologii pozwalaj\u0105ca uzupe\u0142nia\u0107 braki z\u0119bowe bez obci\u0105\u017cania z\u0119b\u00f3w w\u0142asnych pacjenta. Jest ona zalecana pacjentom z brakami pojedynczymi jak i rozleg\u0142ymi. Bezz\u0119bnym pacjentom znacznie poprawia komfort noszenia uzupe\u0142nienia protetycznego.<\/p>\n\n\n\n<p> Je\u017celi nie chcesz lub nie mo\u017cesz nosi\u0107 protezy lub nie chcesz po\u015bwi\u0119ca\u0107 zdrowych z\u0119b\u00f3w, aby by\u0142y utrzymaniem mostu (sta\u0142e uzupe\u0142nienie brakuj\u0105cego z\u0119ba lub z\u0119b\u00f3w mocowane na oszlifowanych z\u0119bach) alternatyw\u0105 s\u0105 dzi\u015b z powodzeniem stosowane <strong>implanty<\/strong> &#8211; tytanowe cylindry chirurgicznie montowane w ko\u015bci g\u00f3rnej lub dolnej szcz\u0119ki. Dodatkowa korzy\u015b\u0107: implant mo\u017ce zatrzyma\u0107 lub spowolni\u0107 zanik ko\u015bci w miejscu gdzie by\u0142 usuni\u0119ty z\u0105b. W przypadku takiego leczenia po konsultacji, wykonaniu koniecznych bada\u0144 oraz zaplanowaniu jakiego rodzaju uzupe\u0142nienie zostanie wykonane w wi\u0119kszo\u015bci przypadk\u00f3w czekaj\u0105 pacjenta dwa etapy leczenia. Pierwszy to etap chirurgiczny, w czasie kt\u00f3rego zostaj\u0105 wprowadzone implanty. Zdarza si\u0119, \u017ce wprowadzeniu implant\u00f3w towarzysz\u0105 lub go poprzedzaj\u0105 inne zabiegi, kt\u00f3re maj\u0105 na celu np. uzupe\u0142nienie brakuj\u0105cej ko\u015bci. Drugi etap to protetyka, w czasie kt\u00f3rego wykonywane s\u0105 zaplanowane wcze\u015bniej uzupe\u0142nienia, a wi\u0119c korony, mosty czy protezy oparte na implantach. W czasie oczekiwania mo\u017cna korzysta\u0107 z dotychczasowej protezy, s\u0105 tak\u017ce implanty tymczasowe. Na nich ju\u017c w dniu zabiegu chirurgicznego mo\u017cemy wykona\u0107 tymczasowe uzupe\u0142nienie.<\/p>\n\n\n\n<div class=\"wp-block-buttons is-content-justification-center is-layout-flex wp-container-core-buttons-is-layout-16018d1d wp-block-buttons-is-layout-flex\">\n<div class=\"wp-block-button\"><a class=\"wp-block-button__link wp-element-button\" href=\"https:\/\/iqdental.app\/rejestracja-wizyty\/5af462b8-9481-4a27-a171-9c626b2df83d\/new?l=31814\" target=\"_blank\" rel=\"noreferrer noopener\">Zarezerwuj online<\/a><\/div>\n<\/div>\n","protected":false},"excerpt":{"rendered":"<p>Implantologia to nowoczesna dziedzina stomatologii pozwalaj\u0105ca uzupe\u0142nia\u0107 braki z\u0119bowe bez obci\u0105\u017cania z\u0119b\u00f3w w\u0142asnych pacjenta. Jest ona zalecana pacjentom z brakami pojedynczymi jak i rozleg\u0142ymi. &hellip; <a href=\"https:\/\/inflancka4.pl\/index.php\/implanty-zebow\/\" class=\"readmore\">More <span class=\"screen-reader-text\">Implanty z\u0119b\u00f3w<\/span> &raquo;<\/a><\/p>\n","protected":false},"author":1,"featured_media":942,"parent":0,"menu_order":0,"comment_status":"closed","ping_status":"closed","template":"template-fullwidth.php","meta":{"_monsterinsights_skip_tracking":false,"_monsterinsights_sitenote_active":false,"_monsterinsights_sitenote_note":"","_monsterinsights_sitenote_category":0,"footnotes":""},"class_list":["post-47","page","type-page","status-publish","has-post-thumbnail","hentry"],"aioseo_notices":[],"_links":{"self":[{"href":"https:\/\/inflancka4.pl\/index.php\/wp-json\/wp\/v2\/pages\/47","targetHints":{"allow":["GET"]}}],"collection":[{"href":"https:\/\/inflancka4.pl\/index.php\/wp-json\/wp\/v2\/pages"}],"about":[{"href":"https:\/\/inflancka4.pl\/index.php\/wp-json\/wp\/v2\/types\/page"}],"author":[{"embeddable":true,"href":"https:\/\/inflancka4.pl\/index.php\/wp-json\/wp\/v2\/users\/1"}],"replies":[{"embeddable":true,"href":"https:\/\/inflancka4.pl\/index.php\/wp-json\/wp\/v2\/comments?post=47"}],"version-history":[{"count":4,"href":"https:\/\/inflancka4.pl\/index.php\/wp-json\/wp\/v2\/pages\/47\/revisions"}],"predecessor-version":[{"id":1555,"href":"https:\/\/inflancka4.pl\/index.php\/wp-json\/wp\/v2\/pages\/47\/revisions\/1555"}],"wp:featuredmedia":[{"embeddable":true,"href":"https:\/\/inflancka4.pl\/index.php\/wp-json\/wp\/v2\/media\/942"}],"wp:attachment":[{"href":"https:\/\/inflancka4.pl\/index.php\/wp-json\/wp\/v2\/media?parent=47"}],"curies":[{"name":"wp","href":"https:\/\/api.w.org\/{rel}","templated":true}]}}