{"id":33,"date":"2021-09-27T13:05:48","date_gmt":"2021-09-27T11:05:48","guid":{"rendered":"http:\/\/inflancka4.pl\/?page_id=33"},"modified":"2024-03-18T16:58:01","modified_gmt":"2024-03-18T15:58:01","slug":"chirurgia","status":"publish","type":"page","link":"https:\/\/inflancka4.pl\/index.php\/chirurgia\/","title":{"rendered":"Chirurgia"},"content":{"rendered":"\n<p>Czym jest chirurgia stomatologiczna i jakie jest jej miejsce w stomatologii ?<\/p>\n\n\n\n<p>&nbsp;&nbsp;&nbsp;&nbsp;&nbsp;&nbsp;&nbsp;&nbsp;&nbsp;&nbsp; Obecnie wszyscy oczekujemy leczenia bezbolesnego, ma\u0142oinwazyjnego&nbsp;i szybkiego. Dzi\u0119ki intensywnemu rozwojowi techniki chirurgia stomatologiczna zyska\u0142a zupe\u0142nie nowy wymiar. Dzisiaj to ju\u017c nie tylko zabiegi usuwania z\u0119b\u00f3w ale przede wszystkim zabiegi rekonstrukcyjne i implantoprotetyczne. Wszyscy chcemy mie\u0107 pi\u0119kny i zdrowy u\u015bmiech. Znieczulenie komputerowe, piezochirurgia, leczenie pod mikroskopem pozwala nam na minimalizacj\u0119 dolegliwo\u015bci \u015br\u00f3d i pozabiegowych. Pacjent po wyj\u015bciu z naszego gabinetu stomatologicznego ma czu\u0107 si\u0119 komfortowo.<\/p>\n\n\n\n<p>Implantologia i implantoprotetyka umo\u017cliwia nam wszechstronne rozwi\u0105zania dla wszystkich pacjent\u00f3w. Szeroki wyb\u00f3r biomateria\u0142\u00f3w i zabieg\u00f3w rekonstrukcyjnych umo\u017cliwia przygotowanie pod\u0142o\u017ca i uzupe\u0142nienie brak\u00f3w z\u0119bowych. S\u0105 to rozwi\u0105zania trwa\u0142e, komfortowe w u\u017cytkowaniu, przywracaj\u0105ce fizjologiczne warunki zgryzowe i co najwa\u017cniejsze dla pacjenta, estetyczne. Dzi\u0119ki implantom nie obci\u0105\u017camy s\u0105siednich z\u0119b\u00f3w, nie musimy wprowadza\u0107 ogranicze\u0144 w codziennej diecie, mo\u017cemy si\u0119 swobodnie \u015bmia\u0107, uprawia\u0107 sporty. Niejednokrotnie po kr\u00f3tkim u\u017cytkowaniu implant\u00f3w pacjent musi si\u0119 zastanowi\u0107 kt\u00f3ry to z\u0105b jest w\u0142asny, a kt\u00f3ry odbudowany na implancie. R\u00f3wnie\u017c pacjenci bezz\u0119bni dzi\u0119ki implantom mog\u0105 zyska\u0107 zupe\u0142nie nowy wymiar noszenia protez. Zaczepy i belki na implantach pozwalaj\u0105 na du\u017c\u0105 stabilizacj\u0119 tych uzupe\u0142nie\u0144 bez konieczno\u015bci stosowania klej\u00f3w.<\/p>\n\n\n\n<p>Pami\u0119tajmy, \u017ce dzisiaj leczenie stomatologiczne jest interdyscyplinarne. Tylko dzi\u0119ki wsp\u00f3\u0142pracy wszystkich specjalist\u00f3w pacjent mo\u017ce czu\u0107 si\u0119 w pe\u0142ni otoczony opiek\u0105. Dbajmy o nasze zdrowie. Pi\u0119kny u\u015bmiech daje nam pewno\u015b\u0107 siebie, a zdrowie pozwala cieszy\u0107 si\u0119 \u017cyciem.<\/p>\n\n\n\n<p>Leczenie chirurgiczne przesz\u0142o olbrzymi\u0105 przemian\u0119 w ostatnich latach. Dzi\u015b naszym zadaniem jest utrzymanie prawid\u0142owego stanu z\u0119b\u00f3w oraz przyz\u0119bia. Chirurgia odtw\u00f3rcza umo\u017cliwia leczenie z\u0119b\u00f3w, kt\u00f3re s\u0105 rozchwiane z powodu chor\u00f3b przyz\u0119bia. Zabiegi regeneracyjne daj\u0105 nam mo\u017cliwo\u015b\u0107 odtworzenia ubytk\u00f3w kostnych oraz odsuni\u0119cia decyzji o ekstrakcji z\u0119b\u00f3w.<\/p>\n\n\n\n<p> Zajmujemy si\u0119 wszelkiego rodzaju ekstrakcjami zar\u00f3wno z\u0119b\u00f3w z\u0142amanych, zniszczonych i zatrzymanych. Wykonujemy zabiegi z zakresu chirurgii endodontycznej &#8211; resekcje. Jeste\u015bmy przygotowani do kompleksowej opieki przed- i pozabiegowej. Stosujemy zabiegi laserem biostymuluj\u0105cym. Wykonujemy ma\u0142e zabiegi chirurgii tkanek mi\u0119kkich &#8211; wycinki histopatologiczne, podci\u0119cia w\u0119dzide\u0142ek, zaopatrywanie po\u0142\u0105cze\u0144 ustno-zatokowych. <\/p>\n\n\n\n<p> Co mo\u017cemy dla Ciebie zrobi\u0107: <\/p>\n\n\n\n<ul class=\"wp-block-list\">\n<li><\/li>\n<\/ul>\n\n\n\n<div class=\"wp-block-group\"><div class=\"wp-block-group__inner-container is-layout-flow wp-block-group-is-layout-flow\">\n<div class=\"wp-block-group\"><div class=\"wp-block-group__inner-container is-layout-flow wp-block-group-is-layout-flow\">\n<li>Usuwanie z\u0119b\u00f3w<\/li>\n\n\n\n<p><\/p>\n<\/div><\/div>\n\n\n\n<li>Resekcje korzeni z\u0119b\u00f3w<\/li>\n\n\n\n<li>Usuwanie torbieli szcz\u0119k<\/li>\n\n\n\n<li>Zaopatrzenie ran po urazach<\/li>\n\n\n\n<li>Chirurgiczne sprowadzanie do \u0142uku z\u0119bowego z\u0119b\u00f3w zatrzymanych<\/li>\n\n\n\n<li>Plastyk\u0119 tkanek mi\u0119kkich i tkanki kostnej w celu przygotowania przed leczeniem protetycznym, implantologicznym <\/li>\n<\/div><\/div>\n\n\n\n<p><\/p>\n\n\n\n<div class=\"wp-block-buttons is-content-justification-center is-layout-flex wp-container-core-buttons-is-layout-16018d1d wp-block-buttons-is-layout-flex\">\n<div class=\"wp-block-button\"><a class=\"wp-block-button__link wp-element-button\" href=\"https:\/\/iqdental.app\/rejestracja-wizyty\/5af462b8-9481-4a27-a171-9c626b2df83d\/new?l=31814\" target=\"_blank\" rel=\"noreferrer noopener\"><strong>Zarezerwuj online<\/strong><\/a><\/div>\n<\/div>\n","protected":false},"excerpt":{"rendered":"<p>Czym jest chirurgia stomatologiczna i jakie jest jej miejsce w stomatologii ? &nbsp;&nbsp;&nbsp;&nbsp;&nbsp;&nbsp;&nbsp;&nbsp;&nbsp;&nbsp; Obecnie wszyscy oczekujemy leczenia bezbolesnego, ma\u0142oinwazyjnego&nbsp;i szybkiego. Dzi\u0119ki intensywnemu rozwojowi techniki &hellip; <a href=\"https:\/\/inflancka4.pl\/index.php\/chirurgia\/\" class=\"readmore\">More <span class=\"screen-reader-text\">Chirurgia<\/span> &raquo;<\/a><\/p>\n","protected":false},"author":1,"featured_media":946,"parent":0,"menu_order":0,"comment_status":"closed","ping_status":"closed","template":"template-fullwidth.php","meta":{"_monsterinsights_skip_tracking":false,"_monsterinsights_sitenote_active":false,"_monsterinsights_sitenote_note":"","_monsterinsights_sitenote_category":0,"footnotes":""},"class_list":["post-33","page","type-page","status-publish","has-post-thumbnail","hentry"],"aioseo_notices":[],"_links":{"self":[{"href":"https:\/\/inflancka4.pl\/index.php\/wp-json\/wp\/v2\/pages\/33","targetHints":{"allow":["GET"]}}],"collection":[{"href":"https:\/\/inflancka4.pl\/index.php\/wp-json\/wp\/v2\/pages"}],"about":[{"href":"https:\/\/inflancka4.pl\/index.php\/wp-json\/wp\/v2\/types\/page"}],"author":[{"embeddable":true,"href":"https:\/\/inflancka4.pl\/index.php\/wp-json\/wp\/v2\/users\/1"}],"replies":[{"embeddable":true,"href":"https:\/\/inflancka4.pl\/index.php\/wp-json\/wp\/v2\/comments?post=33"}],"version-history":[{"count":9,"href":"https:\/\/inflancka4.pl\/index.php\/wp-json\/wp\/v2\/pages\/33\/revisions"}],"predecessor-version":[{"id":1554,"href":"https:\/\/inflancka4.pl\/index.php\/wp-json\/wp\/v2\/pages\/33\/revisions\/1554"}],"wp:featuredmedia":[{"embeddable":true,"href":"https:\/\/inflancka4.pl\/index.php\/wp-json\/wp\/v2\/media\/946"}],"wp:attachment":[{"href":"https:\/\/inflancka4.pl\/index.php\/wp-json\/wp\/v2\/media?parent=33"}],"curies":[{"name":"wp","href":"https:\/\/api.w.org\/{rel}","templated":true}]}}