{"id":288,"date":"2021-10-05T22:18:20","date_gmt":"2021-10-05T20:18:20","guid":{"rendered":"http:\/\/inflancka4.pl\/?page_id=288"},"modified":"2024-02-26T14:17:40","modified_gmt":"2024-02-26T13:17:40","slug":"malgorzata-polak","status":"publish","type":"page","link":"https:\/\/inflancka4.pl\/index.php\/malgorzata-polak\/","title":{"rendered":"Lek. stom. Ma\u0142gorzata Polak"},"content":{"rendered":"\n<div class=\"wp-block-media-text alignwide is-stacked-on-mobile is-image-fill\"><figure class=\"wp-block-media-text__media\" style=\"background-image:url(https:\/\/inflancka4.pl\/wp-content\/uploads\/2024\/02\/foto-768x1024.jpg);background-position:50% 50%\"><img fetchpriority=\"high\" decoding=\"async\" width=\"768\" height=\"1024\" src=\"https:\/\/inflancka4.pl\/wp-content\/uploads\/2024\/02\/foto-768x1024.jpg\" alt=\"\" class=\"wp-image-1343 size-full\" srcset=\"https:\/\/inflancka4.pl\/wp-content\/uploads\/2024\/02\/foto-768x1024.jpg 768w, https:\/\/inflancka4.pl\/wp-content\/uploads\/2024\/02\/foto-225x300.jpg 225w, https:\/\/inflancka4.pl\/wp-content\/uploads\/2024\/02\/foto-1152x1536.jpg 1152w, https:\/\/inflancka4.pl\/wp-content\/uploads\/2024\/02\/foto-1536x2048.jpg 1536w, https:\/\/inflancka4.pl\/wp-content\/uploads\/2024\/02\/foto-350x467.jpg 350w, https:\/\/inflancka4.pl\/wp-content\/uploads\/2024\/02\/foto-scaled.jpg 1920w\" sizes=\"(max-width: 768px) 100vw, 768px\" \/><\/figure><div class=\"wp-block-media-text__content\">\n<h3 class=\"wp-block-heading\"><\/h3>\n\n\n\n<p class=\"has-medium-font-size\">W 2010 roku uko\u0144czy\u0142a Akademi\u0119 Medyczn\u0105 im. Piast\u00f3w \u015al\u0105skich we Wroc\u0142awiu. Od tamtego czasu bierze udzia\u0142 w szkoleniach podnosz\u0105c swoje kwalifikacje, aby m\u00f3c zaoferowa\u0107 Pa\u0144stwu najlepsze rozwi\u0105zania problem\u00f3w w dziedzinie stomatologii. Praca, kt\u00f3r\u0105 wykonuje, jest dla niej pasj\u0105. Ka\u017cdemu stara si\u0119 pokaza\u0107, jak wa\u017cny jest jego u\u015bmiech, nie tylko dla wygl\u0105du, ale r\u00f3wnie\u017c dla zdrowia ca\u0142ego organizmu. \u201cDok\u0142adam wszelkich stara\u0144, aby wizyty ma\u0142ych pacjent\u00f3w odbywa\u0142y si\u0119 w atmosferze zabawy, a wykonywany zabieg by\u0142 frajd\u0105. Dzi\u0119ki temu, mali pacjenci, cz\u0119sto pytaj\u0105 rodzic\u00f3w, kiedy znowu p\u00f3jd\u0105 do dentysty. Najwi\u0119ksz\u0105 satysfakcj\u0119 sprawiaj\u0105 mi chwile, kiedy niegdy\u015b wystraszony pacjent z licznymi ubytkami przychodzi na przegl\u0105d jako wyszczerzony od ucha do ucha i mog\u0119 mu powiedzie\u0107: ,,gratuluj\u0119, masz pi\u0119kny, zdrowy u\u015bmiech\u201d. Na co dzie\u0144 w swojej pracy pokazuj\u0119, \u017ce nie taki dentysta straszny, jakim go maluj\u0105.\u201d Poza prac\u0105 uwielbia podr\u00f3\u017ce i zwierz\u0119ta. Jest mam\u0105 cudownej Kasi oraz posiadaczk\u0105 boston terrirera Borysa.<\/p>\n\n\n\n<div class=\"wp-block-buttons is-layout-flex wp-block-buttons-is-layout-flex\">\n<div class=\"wp-block-button has-custom-font-size is-style-outline has-small-font-size is-style-outline--1\"><a class=\"wp-block-button__link no-border-radius wp-element-button\" href=\"https:\/\/inflancka4.pl\/index.php\/nasz-zespol\/\">Poznaj pozosta\u0142ych cz\u0142onk\u00f3w zespo\u0142u<\/a><\/div>\n<\/div>\n<\/div><\/div>\n\n\n\n<div class=\"wp-block-buttons is-layout-flex wp-block-buttons-is-layout-flex\"><\/div>\n","protected":false},"excerpt":{"rendered":"W 2010 roku uko\u0144czy\u0142a Akademi\u0119 Medyczn\u0105 im. Piast\u00f3w \u015al\u0105skich we Wroc\u0142awiu. Od tamtego czasu bierze udzia\u0142 w szkoleniach podnosz\u0105c swoje kwalifikacje, aby m\u00f3c zaoferowa\u0107 &hellip; <a href=\"https:\/\/inflancka4.pl\/index.php\/malgorzata-polak\/\" class=\"readmore\">More <span class=\"screen-reader-text\">Lek. stom. Ma\u0142gorzata Polak<\/span> &raquo;<\/a>","protected":false},"author":1,"featured_media":0,"parent":0,"menu_order":0,"comment_status":"closed","ping_status":"closed","template":"template-fullwidth.php","meta":{"_monsterinsights_skip_tracking":false,"_monsterinsights_sitenote_active":false,"_monsterinsights_sitenote_note":"","_monsterinsights_sitenote_category":0,"footnotes":""},"class_list":["post-288","page","type-page","status-publish","hentry"],"aioseo_notices":[],"_links":{"self":[{"href":"https:\/\/inflancka4.pl\/index.php\/wp-json\/wp\/v2\/pages\/288","targetHints":{"allow":["GET"]}}],"collection":[{"href":"https:\/\/inflancka4.pl\/index.php\/wp-json\/wp\/v2\/pages"}],"about":[{"href":"https:\/\/inflancka4.pl\/index.php\/wp-json\/wp\/v2\/types\/page"}],"author":[{"embeddable":true,"href":"https:\/\/inflancka4.pl\/index.php\/wp-json\/wp\/v2\/users\/1"}],"replies":[{"embeddable":true,"href":"https:\/\/inflancka4.pl\/index.php\/wp-json\/wp\/v2\/comments?post=288"}],"version-history":[{"count":11,"href":"https:\/\/inflancka4.pl\/index.php\/wp-json\/wp\/v2\/pages\/288\/revisions"}],"predecessor-version":[{"id":1423,"href":"https:\/\/inflancka4.pl\/index.php\/wp-json\/wp\/v2\/pages\/288\/revisions\/1423"}],"wp:attachment":[{"href":"https:\/\/inflancka4.pl\/index.php\/wp-json\/wp\/v2\/media?parent=288"}],"curies":[{"name":"wp","href":"https:\/\/api.w.org\/{rel}","templated":true}]}}