{"id":280,"date":"2021-10-05T22:06:02","date_gmt":"2021-10-05T20:06:02","guid":{"rendered":"http:\/\/inflancka4.pl\/?page_id=280"},"modified":"2024-02-26T15:04:50","modified_gmt":"2024-02-26T14:04:50","slug":"lek-stom-katarzyna-bojko","status":"publish","type":"page","link":"https:\/\/inflancka4.pl\/index.php\/lek-stom-katarzyna-bojko\/","title":{"rendered":"Lek. stom. Katarzyna Bojko"},"content":{"rendered":"\n<div class=\"wp-block-media-text alignwide is-stacked-on-mobile is-image-fill\"><figure class=\"wp-block-media-text__media\" style=\"background-image:url(https:\/\/inflancka4.pl\/wp-content\/uploads\/2023\/01\/Inflancka4_86-1024x683.jpg);background-position:72% 30%\"><img fetchpriority=\"high\" decoding=\"async\" width=\"1024\" height=\"683\" src=\"https:\/\/inflancka4.pl\/wp-content\/uploads\/2023\/01\/Inflancka4_86-1024x683.jpg\" alt=\"\" class=\"wp-image-1202 size-full\" srcset=\"https:\/\/inflancka4.pl\/wp-content\/uploads\/2023\/01\/Inflancka4_86-1024x683.jpg 1024w, https:\/\/inflancka4.pl\/wp-content\/uploads\/2023\/01\/Inflancka4_86-300x200.jpg 300w, https:\/\/inflancka4.pl\/wp-content\/uploads\/2023\/01\/Inflancka4_86-768x512.jpg 768w, https:\/\/inflancka4.pl\/wp-content\/uploads\/2023\/01\/Inflancka4_86-1536x1024.jpg 1536w, https:\/\/inflancka4.pl\/wp-content\/uploads\/2023\/01\/Inflancka4_86-2048x1365.jpg 2048w, https:\/\/inflancka4.pl\/wp-content\/uploads\/2023\/01\/Inflancka4_86-350x233.jpg 350w\" sizes=\"(max-width: 1024px) 100vw, 1024px\" \/><\/figure><div class=\"wp-block-media-text__content\">\n<p>Za\u0142o\u017cycielka i wsp\u00f3\u0142w\u0142a\u015bcicielka Inflancka 4 Dental Clinic. W 1994 roku uko\u0144czy\u0142a Universit\u00e4t Leipzig w Niemczech na  wydziale stomatologia. Praktykuje od ponad 25 lat &#8211; zajmuje si\u0119 protetyk\u0105 i ortodoncj\u0105. Wykorzystuje najnowocze\u015bniejsze metody leczenia wspomagane technik\u0105 cyfrow\u0105. <\/p>\n\n\n\n<p>Leczy systemem nak\u0142adkowym Invisalign (oraz innych firm) i aparatami sta\u0142ymi (metalowe, porcelanowe) czy  (oraz alignery innych firm).<\/p>\n\n\n\n<p>Ka\u017cde leczenie dobiera indywidualnie do wady, potrzeb i oczekiwa\u0144 pacjenta. Pi\u0119kny, prosty u\u015bmiech to najpi\u0119kniejsza nagroda, jak\u0105 otrzymuje ka\u017cdy pacjent. Pasj\u0105 doktor jest praca, dlatego w ka\u017cdej wolnej chwili podnosi swoje kwalifikacje i uczestniczy w kursach za granic\u0105 i w kraju. Nale\u017cy do Polskiej Akademii Alignerowej.<\/p>\n\n\n\n<p><\/p>\n\n\n\n<div class=\"wp-block-buttons is-layout-flex wp-block-buttons-is-layout-flex\">\n<div class=\"wp-block-button has-custom-font-size is-style-outline has-small-font-size is-style-outline--1\"><a class=\"wp-block-button__link no-border-radius wp-element-button\" href=\"https:\/\/inflancka4.pl\/\">Poznaj pozosta\u0142ych cz\u0142onk\u00f3w zespo\u0142u<\/a><\/div>\n<\/div>\n<\/div><\/div>\n\n\n\n<p><\/p>\n\n\n\n<p>&#8220;Czasami trzeba si\u0119 doszkoli\u0107 i to w\u0142a\u015bnie dlatego nie ma mnie wtedy w gabinecie&#8221;<\/p>\n\n\n\n<figure class=\"wp-block-gallery has-nested-images columns-default wp-block-gallery-2 is-layout-flex wp-block-gallery-is-layout-flex\">\n<figure class=\"wp-block-image size-large\"><a href=\"https:\/\/inflancka4.pl\/wp-content\/uploads\/2023\/01\/SCAN0178-scaled-e1672966714216.jpg\" target=\"_blank\" rel=\"noopener\"><img decoding=\"async\" width=\"1024\" height=\"725\" data-id=\"1187\" src=\"https:\/\/inflancka4.pl\/wp-content\/uploads\/2023\/01\/SCAN0178-scaled-e1672966714216-1024x725.jpg\" alt=\"\" class=\"wp-image-1187\" srcset=\"https:\/\/inflancka4.pl\/wp-content\/uploads\/2023\/01\/SCAN0178-scaled-e1672966714216-1024x725.jpg 1024w, https:\/\/inflancka4.pl\/wp-content\/uploads\/2023\/01\/SCAN0178-scaled-e1672966714216-300x212.jpg 300w, https:\/\/inflancka4.pl\/wp-content\/uploads\/2023\/01\/SCAN0178-scaled-e1672966714216-768x544.jpg 768w, https:\/\/inflancka4.pl\/wp-content\/uploads\/2023\/01\/SCAN0178-scaled-e1672966714216-1536x1087.jpg 1536w, https:\/\/inflancka4.pl\/wp-content\/uploads\/2023\/01\/SCAN0178-scaled-e1672966714216-2048x1450.jpg 2048w, https:\/\/inflancka4.pl\/wp-content\/uploads\/2023\/01\/SCAN0178-scaled-e1672966714216-350x248.jpg 350w\" sizes=\"(max-width: 1024px) 100vw, 1024px\" \/><\/a><\/figure>\n\n\n\n<figure class=\"wp-block-image size-large\"><a href=\"https:\/\/inflancka4.pl\/wp-content\/uploads\/2023\/01\/SCAN0170-scaled.jpg\" target=\"_blank\" rel=\"noopener\"><img decoding=\"async\" width=\"1024\" height=\"725\" data-id=\"1191\" src=\"https:\/\/inflancka4.pl\/wp-content\/uploads\/2023\/01\/SCAN0170-1024x725.jpg\" alt=\"\" class=\"wp-image-1191\" srcset=\"https:\/\/inflancka4.pl\/wp-content\/uploads\/2023\/01\/SCAN0170-1024x725.jpg 1024w, https:\/\/inflancka4.pl\/wp-content\/uploads\/2023\/01\/SCAN0170-300x212.jpg 300w, https:\/\/inflancka4.pl\/wp-content\/uploads\/2023\/01\/SCAN0170-768x544.jpg 768w, https:\/\/inflancka4.pl\/wp-content\/uploads\/2023\/01\/SCAN0170-1536x1087.jpg 1536w, https:\/\/inflancka4.pl\/wp-content\/uploads\/2023\/01\/SCAN0170-2048x1449.jpg 2048w, https:\/\/inflancka4.pl\/wp-content\/uploads\/2023\/01\/SCAN0170-350x248.jpg 350w\" sizes=\"(max-width: 1024px) 100vw, 1024px\" \/><\/a><\/figure>\n\n\n\n<figure class=\"wp-block-image size-large\"><a href=\"https:\/\/inflancka4.pl\/wp-content\/uploads\/2023\/01\/SCAN0177-scaled.jpg\" target=\"_blank\" rel=\"noopener\"><img loading=\"lazy\" decoding=\"async\" width=\"1024\" height=\"725\" data-id=\"1160\" src=\"https:\/\/inflancka4.pl\/wp-content\/uploads\/2023\/01\/SCAN0177-1024x725.jpg\" alt=\"\" class=\"wp-image-1160\" srcset=\"https:\/\/inflancka4.pl\/wp-content\/uploads\/2023\/01\/SCAN0177-1024x725.jpg 1024w, https:\/\/inflancka4.pl\/wp-content\/uploads\/2023\/01\/SCAN0177-300x212.jpg 300w, https:\/\/inflancka4.pl\/wp-content\/uploads\/2023\/01\/SCAN0177-768x544.jpg 768w, https:\/\/inflancka4.pl\/wp-content\/uploads\/2023\/01\/SCAN0177-1536x1087.jpg 1536w, https:\/\/inflancka4.pl\/wp-content\/uploads\/2023\/01\/SCAN0177-2048x1449.jpg 2048w, https:\/\/inflancka4.pl\/wp-content\/uploads\/2023\/01\/SCAN0177-350x248.jpg 350w\" sizes=\"(max-width: 1024px) 100vw, 1024px\" \/><\/a><\/figure>\n\n\n\n<figure class=\"wp-block-image size-large\"><a href=\"https:\/\/inflancka4.pl\/wp-content\/uploads\/2023\/01\/SCAN0175-scaled-e1672965193335.jpg\" target=\"_blank\" rel=\"noopener\"><img loading=\"lazy\" decoding=\"async\" width=\"1024\" height=\"725\" data-id=\"1162\" src=\"https:\/\/inflancka4.pl\/wp-content\/uploads\/2023\/01\/SCAN0175-scaled-e1672965193335-1024x725.jpg\" alt=\"\" class=\"wp-image-1162\" srcset=\"https:\/\/inflancka4.pl\/wp-content\/uploads\/2023\/01\/SCAN0175-scaled-e1672965193335-1024x725.jpg 1024w, https:\/\/inflancka4.pl\/wp-content\/uploads\/2023\/01\/SCAN0175-scaled-e1672965193335-300x212.jpg 300w, https:\/\/inflancka4.pl\/wp-content\/uploads\/2023\/01\/SCAN0175-scaled-e1672965193335-768x544.jpg 768w, https:\/\/inflancka4.pl\/wp-content\/uploads\/2023\/01\/SCAN0175-scaled-e1672965193335-1536x1087.jpg 1536w, https:\/\/inflancka4.pl\/wp-content\/uploads\/2023\/01\/SCAN0175-scaled-e1672965193335-2048x1450.jpg 2048w, https:\/\/inflancka4.pl\/wp-content\/uploads\/2023\/01\/SCAN0175-scaled-e1672965193335-350x248.jpg 350w\" sizes=\"(max-width: 1024px) 100vw, 1024px\" \/><\/a><\/figure>\n\n\n\n<figure class=\"wp-block-image size-large\"><a href=\"https:\/\/inflancka4.pl\/wp-content\/uploads\/2023\/01\/SCAN0171-scaled.jpg\" target=\"_blank\" rel=\"noopener\"><img loading=\"lazy\" decoding=\"async\" width=\"1024\" height=\"725\" data-id=\"1190\" src=\"https:\/\/inflancka4.pl\/wp-content\/uploads\/2023\/01\/SCAN0171-1024x725.jpg\" alt=\"\" class=\"wp-image-1190\" srcset=\"https:\/\/inflancka4.pl\/wp-content\/uploads\/2023\/01\/SCAN0171-1024x725.jpg 1024w, https:\/\/inflancka4.pl\/wp-content\/uploads\/2023\/01\/SCAN0171-300x212.jpg 300w, https:\/\/inflancka4.pl\/wp-content\/uploads\/2023\/01\/SCAN0171-768x544.jpg 768w, https:\/\/inflancka4.pl\/wp-content\/uploads\/2023\/01\/SCAN0171-1536x1087.jpg 1536w, https:\/\/inflancka4.pl\/wp-content\/uploads\/2023\/01\/SCAN0171-2048x1449.jpg 2048w, https:\/\/inflancka4.pl\/wp-content\/uploads\/2023\/01\/SCAN0171-350x248.jpg 350w\" sizes=\"(max-width: 1024px) 100vw, 1024px\" \/><\/a><\/figure>\n\n\n\n<figure class=\"wp-block-image size-large\"><a href=\"https:\/\/inflancka4.pl\/wp-content\/uploads\/2023\/01\/SCAN0172-scaled.jpg\" target=\"_blank\" rel=\"noopener\"><img loading=\"lazy\" decoding=\"async\" width=\"1024\" height=\"725\" data-id=\"1189\" src=\"https:\/\/inflancka4.pl\/wp-content\/uploads\/2023\/01\/SCAN0172-1024x725.jpg\" alt=\"\" class=\"wp-image-1189\" srcset=\"https:\/\/inflancka4.pl\/wp-content\/uploads\/2023\/01\/SCAN0172-1024x725.jpg 1024w, https:\/\/inflancka4.pl\/wp-content\/uploads\/2023\/01\/SCAN0172-300x212.jpg 300w, https:\/\/inflancka4.pl\/wp-content\/uploads\/2023\/01\/SCAN0172-768x544.jpg 768w, https:\/\/inflancka4.pl\/wp-content\/uploads\/2023\/01\/SCAN0172-1536x1087.jpg 1536w, https:\/\/inflancka4.pl\/wp-content\/uploads\/2023\/01\/SCAN0172-2048x1449.jpg 2048w, https:\/\/inflancka4.pl\/wp-content\/uploads\/2023\/01\/SCAN0172-350x248.jpg 350w\" sizes=\"(max-width: 1024px) 100vw, 1024px\" \/><\/a><\/figure>\n\n\n\n<figure class=\"wp-block-image size-large\"><a href=\"https:\/\/inflancka4.pl\/wp-content\/uploads\/2023\/01\/SCAN0169-scaled.jpg\" target=\"_blank\" rel=\"noopener\"><img loading=\"lazy\" decoding=\"async\" width=\"1024\" height=\"725\" data-id=\"1179\" src=\"https:\/\/inflancka4.pl\/wp-content\/uploads\/2023\/01\/SCAN0169-1024x725.jpg\" alt=\"\" class=\"wp-image-1179\" srcset=\"https:\/\/inflancka4.pl\/wp-content\/uploads\/2023\/01\/SCAN0169-1024x725.jpg 1024w, https:\/\/inflancka4.pl\/wp-content\/uploads\/2023\/01\/SCAN0169-300x212.jpg 300w, https:\/\/inflancka4.pl\/wp-content\/uploads\/2023\/01\/SCAN0169-768x544.jpg 768w, https:\/\/inflancka4.pl\/wp-content\/uploads\/2023\/01\/SCAN0169-1536x1087.jpg 1536w, https:\/\/inflancka4.pl\/wp-content\/uploads\/2023\/01\/SCAN0169-2048x1449.jpg 2048w, https:\/\/inflancka4.pl\/wp-content\/uploads\/2023\/01\/SCAN0169-350x248.jpg 350w\" sizes=\"(max-width: 1024px) 100vw, 1024px\" \/><\/a><\/figure>\n\n\n\n<figure class=\"wp-block-image size-large\"><a href=\"https:\/\/inflancka4.pl\/wp-content\/uploads\/2023\/01\/SCAN0168-scaled.jpg\" target=\"_blank\" rel=\"noopener\"><img loading=\"lazy\" decoding=\"async\" width=\"1024\" height=\"725\" data-id=\"1180\" src=\"https:\/\/inflancka4.pl\/wp-content\/uploads\/2023\/01\/SCAN0168-1024x725.jpg\" alt=\"\" class=\"wp-image-1180\" srcset=\"https:\/\/inflancka4.pl\/wp-content\/uploads\/2023\/01\/SCAN0168-1024x725.jpg 1024w, https:\/\/inflancka4.pl\/wp-content\/uploads\/2023\/01\/SCAN0168-300x212.jpg 300w, https:\/\/inflancka4.pl\/wp-content\/uploads\/2023\/01\/SCAN0168-768x544.jpg 768w, https:\/\/inflancka4.pl\/wp-content\/uploads\/2023\/01\/SCAN0168-1536x1087.jpg 1536w, https:\/\/inflancka4.pl\/wp-content\/uploads\/2023\/01\/SCAN0168-2048x1449.jpg 2048w, https:\/\/inflancka4.pl\/wp-content\/uploads\/2023\/01\/SCAN0168-350x248.jpg 350w\" sizes=\"(max-width: 1024px) 100vw, 1024px\" \/><\/a><\/figure>\n\n\n\n<figure class=\"wp-block-image size-large\"><a href=\"https:\/\/inflancka4.pl\/wp-content\/uploads\/2023\/01\/SCAN0103-scaled-e1672965771834.jpg\" target=\"_blank\" rel=\"noopener\"><img loading=\"lazy\" decoding=\"async\" width=\"1024\" height=\"725\" data-id=\"1175\" src=\"https:\/\/inflancka4.pl\/wp-content\/uploads\/2023\/01\/SCAN0103-scaled-e1672965771834-1024x725.jpg\" alt=\"\" class=\"wp-image-1175\" srcset=\"https:\/\/inflancka4.pl\/wp-content\/uploads\/2023\/01\/SCAN0103-scaled-e1672965771834-1024x725.jpg 1024w, https:\/\/inflancka4.pl\/wp-content\/uploads\/2023\/01\/SCAN0103-scaled-e1672965771834-300x212.jpg 300w, https:\/\/inflancka4.pl\/wp-content\/uploads\/2023\/01\/SCAN0103-scaled-e1672965771834-768x544.jpg 768w, https:\/\/inflancka4.pl\/wp-content\/uploads\/2023\/01\/SCAN0103-scaled-e1672965771834-1536x1087.jpg 1536w, https:\/\/inflancka4.pl\/wp-content\/uploads\/2023\/01\/SCAN0103-scaled-e1672965771834-2048x1450.jpg 2048w, https:\/\/inflancka4.pl\/wp-content\/uploads\/2023\/01\/SCAN0103-scaled-e1672965771834-350x248.jpg 350w\" sizes=\"(max-width: 1024px) 100vw, 1024px\" \/><\/a><\/figure>\n\n\n\n<figure class=\"wp-block-image size-large\"><a href=\"https:\/\/inflancka4.pl\/wp-content\/uploads\/2023\/01\/SCAN0115-scaled-e1672965354860.jpg\" target=\"_blank\" rel=\"noopener\"><img loading=\"lazy\" decoding=\"async\" width=\"1024\" height=\"725\" data-id=\"1164\" src=\"https:\/\/inflancka4.pl\/wp-content\/uploads\/2023\/01\/SCAN0115-scaled-e1672965354860-1024x725.jpg\" alt=\"\" class=\"wp-image-1164\" srcset=\"https:\/\/inflancka4.pl\/wp-content\/uploads\/2023\/01\/SCAN0115-scaled-e1672965354860-1024x725.jpg 1024w, https:\/\/inflancka4.pl\/wp-content\/uploads\/2023\/01\/SCAN0115-scaled-e1672965354860-300x212.jpg 300w, https:\/\/inflancka4.pl\/wp-content\/uploads\/2023\/01\/SCAN0115-scaled-e1672965354860-768x544.jpg 768w, https:\/\/inflancka4.pl\/wp-content\/uploads\/2023\/01\/SCAN0115-scaled-e1672965354860-1536x1087.jpg 1536w, https:\/\/inflancka4.pl\/wp-content\/uploads\/2023\/01\/SCAN0115-scaled-e1672965354860-2048x1450.jpg 2048w, https:\/\/inflancka4.pl\/wp-content\/uploads\/2023\/01\/SCAN0115-scaled-e1672965354860-350x248.jpg 350w\" sizes=\"(max-width: 1024px) 100vw, 1024px\" \/><\/a><\/figure>\n\n\n\n<figure class=\"wp-block-image size-large\"><a href=\"https:\/\/inflancka4.pl\/wp-content\/uploads\/2023\/01\/SCAN0114-scaled-e1672965657115.jpg\" target=\"_blank\" rel=\"noopener\"><img loading=\"lazy\" decoding=\"async\" width=\"1024\" height=\"725\" data-id=\"1165\" src=\"https:\/\/inflancka4.pl\/wp-content\/uploads\/2023\/01\/SCAN0114-scaled-e1672965657115-1024x725.jpg\" alt=\"\" class=\"wp-image-1165\" srcset=\"https:\/\/inflancka4.pl\/wp-content\/uploads\/2023\/01\/SCAN0114-scaled-e1672965657115-1024x725.jpg 1024w, https:\/\/inflancka4.pl\/wp-content\/uploads\/2023\/01\/SCAN0114-scaled-e1672965657115-300x212.jpg 300w, https:\/\/inflancka4.pl\/wp-content\/uploads\/2023\/01\/SCAN0114-scaled-e1672965657115-768x544.jpg 768w, https:\/\/inflancka4.pl\/wp-content\/uploads\/2023\/01\/SCAN0114-scaled-e1672965657115-1536x1087.jpg 1536w, https:\/\/inflancka4.pl\/wp-content\/uploads\/2023\/01\/SCAN0114-scaled-e1672965657115-2048x1450.jpg 2048w, https:\/\/inflancka4.pl\/wp-content\/uploads\/2023\/01\/SCAN0114-scaled-e1672965657115-350x248.jpg 350w\" sizes=\"(max-width: 1024px) 100vw, 1024px\" \/><\/a><\/figure>\n\n\n\n<figure class=\"wp-block-image size-large\"><a href=\"https:\/\/inflancka4.pl\/wp-content\/uploads\/2023\/01\/SCAN0113-scaled-e1672965715867.jpg\" target=\"_blank\" rel=\"noopener\"><img loading=\"lazy\" decoding=\"async\" width=\"1024\" height=\"725\" data-id=\"1166\" src=\"https:\/\/inflancka4.pl\/wp-content\/uploads\/2023\/01\/SCAN0113-scaled-e1672965715867-1024x725.jpg\" alt=\"\" class=\"wp-image-1166\" srcset=\"https:\/\/inflancka4.pl\/wp-content\/uploads\/2023\/01\/SCAN0113-scaled-e1672965715867-1024x725.jpg 1024w, https:\/\/inflancka4.pl\/wp-content\/uploads\/2023\/01\/SCAN0113-scaled-e1672965715867-300x212.jpg 300w, https:\/\/inflancka4.pl\/wp-content\/uploads\/2023\/01\/SCAN0113-scaled-e1672965715867-768x544.jpg 768w, https:\/\/inflancka4.pl\/wp-content\/uploads\/2023\/01\/SCAN0113-scaled-e1672965715867-1536x1087.jpg 1536w, https:\/\/inflancka4.pl\/wp-content\/uploads\/2023\/01\/SCAN0113-scaled-e1672965715867-2048x1450.jpg 2048w, https:\/\/inflancka4.pl\/wp-content\/uploads\/2023\/01\/SCAN0113-scaled-e1672965715867-350x248.jpg 350w\" sizes=\"(max-width: 1024px) 100vw, 1024px\" \/><\/a><\/figure>\n\n\n\n<figure class=\"wp-block-image size-large\"><a href=\"https:\/\/inflancka4.pl\/wp-content\/uploads\/2023\/01\/SCAN0107-scaled-e1672965883622.jpg\" target=\"_blank\" rel=\"noopener\"><img loading=\"lazy\" decoding=\"async\" width=\"1024\" height=\"725\" data-id=\"1171\" src=\"https:\/\/inflancka4.pl\/wp-content\/uploads\/2023\/01\/SCAN0107-scaled-e1672965883622-1024x725.jpg\" alt=\"\" class=\"wp-image-1171\" srcset=\"https:\/\/inflancka4.pl\/wp-content\/uploads\/2023\/01\/SCAN0107-scaled-e1672965883622-1024x725.jpg 1024w, https:\/\/inflancka4.pl\/wp-content\/uploads\/2023\/01\/SCAN0107-scaled-e1672965883622-300x212.jpg 300w, https:\/\/inflancka4.pl\/wp-content\/uploads\/2023\/01\/SCAN0107-scaled-e1672965883622-768x544.jpg 768w, https:\/\/inflancka4.pl\/wp-content\/uploads\/2023\/01\/SCAN0107-scaled-e1672965883622-1536x1087.jpg 1536w, https:\/\/inflancka4.pl\/wp-content\/uploads\/2023\/01\/SCAN0107-scaled-e1672965883622-2048x1450.jpg 2048w, https:\/\/inflancka4.pl\/wp-content\/uploads\/2023\/01\/SCAN0107-scaled-e1672965883622-350x248.jpg 350w\" sizes=\"(max-width: 1024px) 100vw, 1024px\" \/><\/a><\/figure>\n\n\n\n<figure class=\"wp-block-image size-large\"><a href=\"https:\/\/inflancka4.pl\/wp-content\/uploads\/2023\/01\/SCAN0110-scaled-e1672965918299.jpg\" target=\"_blank\" rel=\"noopener\"><img loading=\"lazy\" decoding=\"async\" width=\"1024\" height=\"725\" data-id=\"1168\" src=\"https:\/\/inflancka4.pl\/wp-content\/uploads\/2023\/01\/SCAN0110-scaled-e1672965918299-1024x725.jpg\" alt=\"\" class=\"wp-image-1168\" srcset=\"https:\/\/inflancka4.pl\/wp-content\/uploads\/2023\/01\/SCAN0110-scaled-e1672965918299-1024x725.jpg 1024w, https:\/\/inflancka4.pl\/wp-content\/uploads\/2023\/01\/SCAN0110-scaled-e1672965918299-300x212.jpg 300w, https:\/\/inflancka4.pl\/wp-content\/uploads\/2023\/01\/SCAN0110-scaled-e1672965918299-768x544.jpg 768w, https:\/\/inflancka4.pl\/wp-content\/uploads\/2023\/01\/SCAN0110-scaled-e1672965918299-1536x1087.jpg 1536w, https:\/\/inflancka4.pl\/wp-content\/uploads\/2023\/01\/SCAN0110-scaled-e1672965918299-2048x1450.jpg 2048w, https:\/\/inflancka4.pl\/wp-content\/uploads\/2023\/01\/SCAN0110-scaled-e1672965918299-350x248.jpg 350w\" sizes=\"(max-width: 1024px) 100vw, 1024px\" \/><\/a><\/figure>\n\n\n\n<figure class=\"wp-block-image size-large\"><a href=\"https:\/\/inflancka4.pl\/wp-content\/uploads\/2023\/01\/SCAN0116-scaled.jpg\" target=\"_blank\" rel=\"noopener\"><img loading=\"lazy\" decoding=\"async\" width=\"725\" height=\"1024\" data-id=\"1163\" src=\"https:\/\/inflancka4.pl\/wp-content\/uploads\/2023\/01\/SCAN0116-725x1024.jpg\" alt=\"\" class=\"wp-image-1163\" srcset=\"https:\/\/inflancka4.pl\/wp-content\/uploads\/2023\/01\/SCAN0116-725x1024.jpg 725w, https:\/\/inflancka4.pl\/wp-content\/uploads\/2023\/01\/SCAN0116-212x300.jpg 212w, https:\/\/inflancka4.pl\/wp-content\/uploads\/2023\/01\/SCAN0116-768x1085.jpg 768w, https:\/\/inflancka4.pl\/wp-content\/uploads\/2023\/01\/SCAN0116-1087x1536.jpg 1087w, https:\/\/inflancka4.pl\/wp-content\/uploads\/2023\/01\/SCAN0116-1449x2048.jpg 1449w, https:\/\/inflancka4.pl\/wp-content\/uploads\/2023\/01\/SCAN0116-350x495.jpg 350w, https:\/\/inflancka4.pl\/wp-content\/uploads\/2023\/01\/SCAN0116-scaled.jpg 1812w\" sizes=\"(max-width: 725px) 100vw, 725px\" \/><\/a><\/figure>\n\n\n\n<figure class=\"wp-block-image size-large\"><a href=\"https:\/\/inflancka4.pl\/wp-content\/uploads\/2023\/01\/SCAN0118-scaled.jpg\" target=\"_blank\" rel=\"noopener\"><img loading=\"lazy\" decoding=\"async\" width=\"725\" height=\"1024\" data-id=\"1177\" src=\"https:\/\/inflancka4.pl\/wp-content\/uploads\/2023\/01\/SCAN0118-725x1024.jpg\" alt=\"\" class=\"wp-image-1177\" srcset=\"https:\/\/inflancka4.pl\/wp-content\/uploads\/2023\/01\/SCAN0118-725x1024.jpg 725w, https:\/\/inflancka4.pl\/wp-content\/uploads\/2023\/01\/SCAN0118-212x300.jpg 212w, https:\/\/inflancka4.pl\/wp-content\/uploads\/2023\/01\/SCAN0118-768x1085.jpg 768w, https:\/\/inflancka4.pl\/wp-content\/uploads\/2023\/01\/SCAN0118-1087x1536.jpg 1087w, https:\/\/inflancka4.pl\/wp-content\/uploads\/2023\/01\/SCAN0118-1449x2048.jpg 1449w, https:\/\/inflancka4.pl\/wp-content\/uploads\/2023\/01\/SCAN0118-350x495.jpg 350w, https:\/\/inflancka4.pl\/wp-content\/uploads\/2023\/01\/SCAN0118-scaled.jpg 1812w\" sizes=\"(max-width: 725px) 100vw, 725px\" \/><\/a><\/figure>\n\n\n\n<figure class=\"wp-block-image size-large\"><a href=\"https:\/\/inflancka4.pl\/wp-content\/uploads\/2023\/01\/SCAN0104-scaled.jpg\" target=\"_blank\" rel=\"noopener\"><img loading=\"lazy\" decoding=\"async\" width=\"725\" height=\"1024\" data-id=\"1174\" src=\"https:\/\/inflancka4.pl\/wp-content\/uploads\/2023\/01\/SCAN0104-725x1024.jpg\" alt=\"\" class=\"wp-image-1174\" srcset=\"https:\/\/inflancka4.pl\/wp-content\/uploads\/2023\/01\/SCAN0104-725x1024.jpg 725w, https:\/\/inflancka4.pl\/wp-content\/uploads\/2023\/01\/SCAN0104-212x300.jpg 212w, https:\/\/inflancka4.pl\/wp-content\/uploads\/2023\/01\/SCAN0104-768x1085.jpg 768w, https:\/\/inflancka4.pl\/wp-content\/uploads\/2023\/01\/SCAN0104-1087x1536.jpg 1087w, https:\/\/inflancka4.pl\/wp-content\/uploads\/2023\/01\/SCAN0104-1449x2048.jpg 1449w, https:\/\/inflancka4.pl\/wp-content\/uploads\/2023\/01\/SCAN0104-350x495.jpg 350w, https:\/\/inflancka4.pl\/wp-content\/uploads\/2023\/01\/SCAN0104-scaled.jpg 1812w\" sizes=\"(max-width: 725px) 100vw, 725px\" \/><\/a><\/figure>\n\n\n\n<figure class=\"wp-block-image size-large\"><a href=\"https:\/\/inflancka4.pl\/wp-content\/uploads\/2023\/01\/SCAN0108-scaled.jpg\" target=\"_blank\" rel=\"noopener\"><img loading=\"lazy\" decoding=\"async\" width=\"725\" height=\"1024\" data-id=\"1170\" src=\"https:\/\/inflancka4.pl\/wp-content\/uploads\/2023\/01\/SCAN0108-725x1024.jpg\" alt=\"\" class=\"wp-image-1170\" srcset=\"https:\/\/inflancka4.pl\/wp-content\/uploads\/2023\/01\/SCAN0108-725x1024.jpg 725w, https:\/\/inflancka4.pl\/wp-content\/uploads\/2023\/01\/SCAN0108-212x300.jpg 212w, https:\/\/inflancka4.pl\/wp-content\/uploads\/2023\/01\/SCAN0108-768x1085.jpg 768w, https:\/\/inflancka4.pl\/wp-content\/uploads\/2023\/01\/SCAN0108-1087x1536.jpg 1087w, https:\/\/inflancka4.pl\/wp-content\/uploads\/2023\/01\/SCAN0108-1449x2048.jpg 1449w, https:\/\/inflancka4.pl\/wp-content\/uploads\/2023\/01\/SCAN0108-350x495.jpg 350w, https:\/\/inflancka4.pl\/wp-content\/uploads\/2023\/01\/SCAN0108-scaled.jpg 1812w\" sizes=\"(max-width: 725px) 100vw, 725px\" \/><\/a><\/figure>\n\n\n\n<figure class=\"wp-block-image size-large\"><a href=\"https:\/\/inflancka4.pl\/wp-content\/uploads\/2023\/01\/SCAN0109-scaled.jpg\" target=\"_blank\" rel=\"noopener\"><img loading=\"lazy\" decoding=\"async\" width=\"725\" height=\"1024\" data-id=\"1169\" src=\"https:\/\/inflancka4.pl\/wp-content\/uploads\/2023\/01\/SCAN0109-725x1024.jpg\" alt=\"\" class=\"wp-image-1169\" srcset=\"https:\/\/inflancka4.pl\/wp-content\/uploads\/2023\/01\/SCAN0109-725x1024.jpg 725w, https:\/\/inflancka4.pl\/wp-content\/uploads\/2023\/01\/SCAN0109-212x300.jpg 212w, https:\/\/inflancka4.pl\/wp-content\/uploads\/2023\/01\/SCAN0109-768x1085.jpg 768w, https:\/\/inflancka4.pl\/wp-content\/uploads\/2023\/01\/SCAN0109-1087x1536.jpg 1087w, https:\/\/inflancka4.pl\/wp-content\/uploads\/2023\/01\/SCAN0109-1449x2048.jpg 1449w, https:\/\/inflancka4.pl\/wp-content\/uploads\/2023\/01\/SCAN0109-350x495.jpg 350w, https:\/\/inflancka4.pl\/wp-content\/uploads\/2023\/01\/SCAN0109-scaled.jpg 1812w\" sizes=\"(max-width: 725px) 100vw, 725px\" \/><\/a><\/figure>\n\n\n\n<figure class=\"wp-block-image size-large\"><a href=\"https:\/\/inflancka4.pl\/wp-content\/uploads\/2023\/01\/SCAN0111-scaled.jpg\" target=\"_blank\" rel=\"noopener\"><img loading=\"lazy\" decoding=\"async\" width=\"725\" height=\"1024\" data-id=\"1167\" src=\"https:\/\/inflancka4.pl\/wp-content\/uploads\/2023\/01\/SCAN0111-725x1024.jpg\" alt=\"\" class=\"wp-image-1167\" srcset=\"https:\/\/inflancka4.pl\/wp-content\/uploads\/2023\/01\/SCAN0111-725x1024.jpg 725w, https:\/\/inflancka4.pl\/wp-content\/uploads\/2023\/01\/SCAN0111-212x300.jpg 212w, https:\/\/inflancka4.pl\/wp-content\/uploads\/2023\/01\/SCAN0111-768x1085.jpg 768w, https:\/\/inflancka4.pl\/wp-content\/uploads\/2023\/01\/SCAN0111-1087x1536.jpg 1087w, https:\/\/inflancka4.pl\/wp-content\/uploads\/2023\/01\/SCAN0111-1449x2048.jpg 1449w, https:\/\/inflancka4.pl\/wp-content\/uploads\/2023\/01\/SCAN0111-350x495.jpg 350w, https:\/\/inflancka4.pl\/wp-content\/uploads\/2023\/01\/SCAN0111-scaled.jpg 1812w\" sizes=\"(max-width: 725px) 100vw, 725px\" \/><\/a><\/figure>\n\n\n\n<figure class=\"wp-block-image size-large\"><a href=\"https:\/\/inflancka4.pl\/wp-content\/uploads\/2023\/01\/SCAN0102-scaled.jpg\" target=\"_blank\" rel=\"noopener\"><img loading=\"lazy\" decoding=\"async\" width=\"725\" height=\"1024\" data-id=\"1176\" src=\"https:\/\/inflancka4.pl\/wp-content\/uploads\/2023\/01\/SCAN0102-725x1024.jpg\" alt=\"\" class=\"wp-image-1176\" srcset=\"https:\/\/inflancka4.pl\/wp-content\/uploads\/2023\/01\/SCAN0102-725x1024.jpg 725w, https:\/\/inflancka4.pl\/wp-content\/uploads\/2023\/01\/SCAN0102-212x300.jpg 212w, https:\/\/inflancka4.pl\/wp-content\/uploads\/2023\/01\/SCAN0102-768x1085.jpg 768w, https:\/\/inflancka4.pl\/wp-content\/uploads\/2023\/01\/SCAN0102-1087x1536.jpg 1087w, https:\/\/inflancka4.pl\/wp-content\/uploads\/2023\/01\/SCAN0102-1449x2048.jpg 1449w, https:\/\/inflancka4.pl\/wp-content\/uploads\/2023\/01\/SCAN0102-350x495.jpg 350w, https:\/\/inflancka4.pl\/wp-content\/uploads\/2023\/01\/SCAN0102-scaled.jpg 1812w\" sizes=\"(max-width: 725px) 100vw, 725px\" \/><\/a><\/figure>\n<\/figure>\n","protected":false},"excerpt":{"rendered":"<p>&#8220;Czasami trzeba si\u0119 doszkoli\u0107 i to w\u0142a\u015bnie dlatego nie ma mnie wtedy w gabinecie&#8221;<\/p>\n","protected":false},"author":1,"featured_media":0,"parent":0,"menu_order":0,"comment_status":"closed","ping_status":"closed","template":"template-fullwidth.php","meta":{"_monsterinsights_skip_tracking":false,"_monsterinsights_sitenote_active":false,"_monsterinsights_sitenote_note":"","_monsterinsights_sitenote_category":0,"footnotes":""},"class_list":["post-280","page","type-page","status-publish","hentry"],"aioseo_notices":[],"_links":{"self":[{"href":"https:\/\/inflancka4.pl\/index.php\/wp-json\/wp\/v2\/pages\/280","targetHints":{"allow":["GET"]}}],"collection":[{"href":"https:\/\/inflancka4.pl\/index.php\/wp-json\/wp\/v2\/pages"}],"about":[{"href":"https:\/\/inflancka4.pl\/index.php\/wp-json\/wp\/v2\/types\/page"}],"author":[{"embeddable":true,"href":"https:\/\/inflancka4.pl\/index.php\/wp-json\/wp\/v2\/users\/1"}],"replies":[{"embeddable":true,"href":"https:\/\/inflancka4.pl\/index.php\/wp-json\/wp\/v2\/comments?post=280"}],"version-history":[{"count":12,"href":"https:\/\/inflancka4.pl\/index.php\/wp-json\/wp\/v2\/pages\/280\/revisions"}],"predecessor-version":[{"id":1470,"href":"https:\/\/inflancka4.pl\/index.php\/wp-json\/wp\/v2\/pages\/280\/revisions\/1470"}],"wp:attachment":[{"href":"https:\/\/inflancka4.pl\/index.php\/wp-json\/wp\/v2\/media?parent=280"}],"curies":[{"name":"wp","href":"https:\/\/api.w.org\/{rel}","templated":true}]}}