{"id":17,"date":"2021-09-27T13:00:20","date_gmt":"2021-09-27T11:00:20","guid":{"rendered":"http:\/\/inflancka4.pl\/?page_id=17"},"modified":"2025-05-08T01:32:16","modified_gmt":"2025-05-07T23:32:16","slug":"o-nas","status":"publish","type":"page","link":"https:\/\/inflancka4.pl\/","title":{"rendered":"O nas"},"content":{"rendered":"\t\t<div data-elementor-type=\"wp-page\" data-elementor-id=\"17\" class=\"elementor elementor-17\">\n\t\t\t\t\t\t<section class=\"elementor-section elementor-top-section elementor-element elementor-element-ec24133 elementor-section-boxed elementor-section-height-default elementor-section-height-default\" data-id=\"ec24133\" data-element_type=\"section\">\n\t\t\t\t\t\t<div class=\"elementor-container elementor-column-gap-default\">\n\t\t\t\t\t<div class=\"elementor-column elementor-col-100 elementor-top-column elementor-element elementor-element-ec21177\" data-id=\"ec21177\" data-element_type=\"column\">\n\t\t\t<div class=\"elementor-widget-wrap elementor-element-populated\">\n\t\t\t\t\t\t<div class=\"elementor-element elementor-element-f9fd21f elementor-widget elementor-widget-shortcode\" data-id=\"f9fd21f\" data-element_type=\"widget\" data-widget_type=\"shortcode.default\">\n\t\t\t\t<div class=\"elementor-widget-container\">\n\t\t\t\t\t\t\t<div class=\"elementor-shortcode\"><\/div>\n\t\t\t\t\t\t<\/div>\n\t\t\t\t<\/div>\n\t\t\t\t\t<\/div>\n\t\t<\/div>\n\t\t\t\t\t<\/div>\n\t\t<\/section>\n\t\t\t\t<section class=\"elementor-section elementor-top-section elementor-element elementor-element-4f7eab2 elementor-section-boxed elementor-section-height-default elementor-section-height-default\" data-id=\"4f7eab2\" data-element_type=\"section\">\n\t\t\t\t\t\t<div class=\"elementor-container elementor-column-gap-default\">\n\t\t\t\t\t<div class=\"elementor-column elementor-col-100 elementor-top-column elementor-element elementor-element-800e510\" data-id=\"800e510\" data-element_type=\"column\">\n\t\t\t<div class=\"elementor-widget-wrap\">\n\t\t\t\t\t\t\t<\/div>\n\t\t<\/div>\n\t\t\t\t\t<\/div>\n\t\t<\/section>\n\t\t\t\t<section class=\"elementor-section elementor-top-section elementor-element elementor-element-421f4daa elementor-section-boxed elementor-section-height-default elementor-section-height-default\" data-id=\"421f4daa\" data-element_type=\"section\">\n\t\t\t\t\t\t<div class=\"elementor-container elementor-column-gap-default\">\n\t\t\t\t\t<div class=\"elementor-column elementor-col-100 elementor-top-column elementor-element elementor-element-687706c0\" data-id=\"687706c0\" data-element_type=\"column\">\n\t\t\t<div class=\"elementor-widget-wrap elementor-element-populated\">\n\t\t\t\t\t\t<div class=\"elementor-element elementor-element-12919b9 elementor-widget elementor-widget-text-editor\" data-id=\"12919b9\" data-element_type=\"widget\" data-widget_type=\"text-editor.default\">\n\t\t\t\t<div class=\"elementor-widget-container\">\n\t\t\t\t\t\t\t\t\t<p><\/p>\n<div class=\"wp-block-media-text alignwide has-media-on-the-right is-stacked-on-mobile is-image-fill has-text-color\" style=\"color: #c6a514;\">\n<div class=\"wp-block-media-text__content\"><p><\/p>\n<div>\n<div class=\"n2_ss_slider_publish__option_code\" dir=\"ltr\" data-mode=\"id\">&nbsp;<\/div>\n<\/div>\n<h3 class=\"wp-block-heading\"><strong>Inflancka 4 Dental Clinic &#8211; Stomatologia Wroc\u0142aw<\/strong><\/h3>\n<p><\/p>\n<p><\/p>\n<p class=\"has-black-color has-text-color has-medium-font-size\">Od 20 lat spe\u0142niamy marzenia o pi\u0119knym i zdrowym u\u015bmiechu, tym samym poprawiaj\u0105c jako\u015b\u0107 \u017cycia Pacjent\u00f3w! Uzyskujemy znakomite efekty estetyczne i funkcjonalne, o czym \u015bwiadcz\u0105 zadowolone osoby po zako\u0144czonym leczeniu.<\/p>\n<p><\/p>\n<p><\/p>\n<p class=\"has-black-color has-text-color has-link-color has-medium-font-size wp-elements-05bf4e453ededf08b173bd8d908353ae\">W Inflancka 4 Dental Clinic tworzymy zesp\u00f3\u0142 do\u015bwiadczonych stomatolog\u00f3w i dentyst\u00f3w, kt\u00f3rzy z pasj\u0105 i zaanga\u017cowaniem dbaj\u0105 o pi\u0119kne i zdrowe u\u015bmiechy naszych Pacjent\u00f3w. Nasz\u0105 misj\u0105 jest zapewnienie kompleksowej opieki stomatologicznej na najwy\u017cszym poziomie, w oparciu o nowoczesne technologie i sprawdzone metody leczenia.<\/p>\n<p><\/p><\/div>\n<figure class=\"wp-block-media-text__media\" style=\"background-image: url('https:\/\/inflancka4.pl\/wp-content\/uploads\/2023\/11\/Projekt-bez-nazwy-1024x683.jpg'); background-position: 50% 36%;\"><img fetchpriority=\"high\" decoding=\"async\" width=\"1024\" height=\"683\" class=\"wp-image-1293 size-full\" src=\"https:\/\/inflancka4.pl\/wp-content\/uploads\/2023\/11\/Projekt-bez-nazwy-1024x683.jpg\" alt=\"\" srcset=\"https:\/\/inflancka4.pl\/wp-content\/uploads\/2023\/11\/Projekt-bez-nazwy-1024x683.jpg 1024w, https:\/\/inflancka4.pl\/wp-content\/uploads\/2023\/11\/Projekt-bez-nazwy-300x200.jpg 300w, https:\/\/inflancka4.pl\/wp-content\/uploads\/2023\/11\/Projekt-bez-nazwy-768x512.jpg 768w, https:\/\/inflancka4.pl\/wp-content\/uploads\/2023\/11\/Projekt-bez-nazwy-350x233.jpg 350w, https:\/\/inflancka4.pl\/wp-content\/uploads\/2023\/11\/Projekt-bez-nazwy.jpg 1417w\" sizes=\"(max-width: 1024px) 100vw, 1024px\" \/><\/figure>\n<\/div>\n<p><\/p>\n<p><\/p>\n<hr class=\"wp-block-separator has-alpha-channel-opacity is-style-dots\">\n<p><\/p>\n<p><\/p>\n<p class=\"has-text-align-center has-black-color has-text-color has-link-color has-medium-font-size wp-elements-61ed3727959ce0b0e90984d84d2dd7e4\"><strong>Inflancka 4 Dental Clinic to miejsce, gdzie dbamy o zdrowie Twojego u\u015bmiechu. <\/strong><br><strong>Nasza oferta obejmuje szeroki zakres us\u0142ug stomatologicznych dla doros\u0142ych i dla dzieci:<\/strong><\/p>\n<p><\/p>\n<p><\/p>\n<div class=\"wp-block-group\"><div class=\"wp-block-group__inner-container is-layout-constrained wp-block-group-is-layout-constrained\"><p><\/p>\n<p class=\"has-medium-font-size\"><strong>Stomatologia estetyczna:<\/strong> <a href=\"https:\/\/inflancka4.pl\/index.php\/wybielanie\/\" target=\"_blank\" rel=\"noreferrer noopener\">wybielanie z\u0119b\u00f3w<\/a>, bonding, lic\u00f3wki kompozytowe i porcelanowe, korony i mosty pe\u0142noceramiczne.<\/p>\n<p><\/p>\n<p><\/p>\n<p class=\"has-black-color has-text-color has-link-color has-medium-font-size wp-elements-e9a82db4f4e4708fc9b9f39d645bf21d\"><strong><a href=\"https:\/\/inflancka4.pl\/index.php\/chirurgia\/\" target=\"_blank\" rel=\"noreferrer noopener\">Chirurgia stomatologiczna<\/a>:<\/strong> usuwanie z\u0119b\u00f3w, ekstrakcja \u00f3semek, podcinanie w\u0119dzide\u0142ka j\u0119zyka i wargi.<\/p>\n<p><\/p>\n<p><\/p>\n<p class=\"has-black-color has-text-color has-link-color has-medium-font-size wp-elements-84d89f62af9b147100ac6a3e1882e9aa\"><strong><a href=\"https:\/\/inflancka4.pl\/index.php\/ortodoncja\/\" target=\"_blank\" rel=\"noreferrer noopener\">Ortodoncja<\/a>:<\/strong> leczenie wad zgryzu aparatem sta\u0142ym lub ruchomym.<\/p>\n<p><\/p>\n<p><\/p>\n<p class=\"has-black-color has-text-color has-link-color has-medium-font-size wp-elements-26593ebbe9fc77e2c981896ca09895dd\"><strong><a href=\"https:\/\/inflancka4.pl\/index.php\/protezy-zebow\/\" target=\"_blank\" rel=\"noreferrer noopener\">Protetyka<\/a>:<\/strong> protezy z\u0119bowe, korony i mosty protetyczne, <a href=\"https:\/\/inflancka4.pl\/index.php\/implanty-zebow\/\" target=\"_blank\" rel=\"noreferrer noopener\">implanty stomatologiczne<\/a>.<\/p>\n<p><\/p>\n<p><\/p>\n<p class=\"has-black-color has-text-color has-link-color has-medium-font-size wp-elements-f5f59ad3c24b20f8d2deb65f2dba1862\"><strong><a href=\"https:\/\/inflancka4.pl\/index.php\/profilaktyka-i-higiena\/\" target=\"_blank\" rel=\"noreferrer noopener\">Profilaktyk\u0119<\/a>:<\/strong> regularne przegl\u0105dy, higienizacja jamy ustnej, <a href=\"https:\/\/inflancka4.pl\/index.php\/profilaktyka-i-higiena\/\" target=\"_blank\" rel=\"noreferrer noopener\" data-type=\"page\" data-id=\"41\">lakowanie <\/a>z\u0119b\u00f3w, fluoryzacja.<\/p>\n<p><\/p>\n<p><\/p>\n<p class=\"has-black-color has-text-color has-link-color has-medium-font-size wp-elements-a199a8d2732ed47e7bbb6d05406f6f8e\"><strong>Leczenie pr\u00f3chnicy:<\/strong> wype\u0142nienia kompozytowe, wk\u0142ady koronowo-korzeniowe, lic\u00f3wki.<\/p>\n<p><\/p><\/div><\/div>\n<p><\/p>\n<p><\/p>\n<p class=\"has-black-color has-text-color has-link-color has-medium-font-size wp-elements-7c05ac0bec35327ea69c25d1209128c9\"><strong>Do\u015bwiadczeni specjali\u015bci i nowoczesny sprz\u0119t:<\/strong> Nasz zesp\u00f3\u0142 tworz\u0105 do\u015bwiadczeni i wykwalifikowani specjali\u015bci, kt\u00f3rzy stale poszerzaj\u0105 swoje umiej\u0119tno\u015bci i wiedz\u0119, uczestnicz\u0105c w licznych kursach i szkoleniach. Stosujemy nowoczesne technologie i najwy\u017cszej jako\u015bci materia\u0142y, aby zapewni\u0107 naszym Pacjentom komfort i bezpiecze\u0144stwo leczenia. Leczymy w oparciu o holistyczne plany leczenia i jeste\u015bmy otwarci na prac\u0119 z najnowocze\u015bniejszym sprz\u0119tem cyfrowym, stale podnosz\u0105c swoje kwalifikacje.<\/p>\n<p><\/p>\n<p><\/p>\n<p class=\"has-black-color has-text-color has-link-color has-medium-font-size wp-elements-2e5194fd42ef55f7c4ff5bb60d4fb2a8\"><strong>Przyjazna atmosfera i indywidualne podej\u015bcie:<\/strong> Dbamy o przyjazn\u0105 atmosfer\u0119 i komfort Pacjent\u00f3w. S\u0142uchamy ich potrzeb i oczekiwa\u0144, aby zapewni\u0107 im indywidualne podej\u015bcie do ka\u017cdego problemu.<\/p>\n<p><\/p>\n<p><\/p>\n<p class=\"has-text-align-center has-black-color has-text-color has-link-color has-medium-font-size wp-elements-32e575565e2d9e12edfc747742f7ba70\"><strong>Zapraszamy do Inflancka 4 Dental Clinic!<\/strong> <br>Je\u015bli szukasz dobrego stomatologa to jeste\u015b na w\u0142a\u015bciwej stronie.<\/p>\n<p><\/p>\n<p><\/p>\n<p class=\"has-text-align-center has-black-color has-text-color has-link-color has-medium-font-size wp-elements-672cc749d4c2e275278841d5f6174f32\"><strong>Skorzystaj z konsultacji i dowiedz si\u0119 wi\u0119cej o tym, jak mo\u017cemy zadba\u0107 o Tw\u00f3j pi\u0119kny i zdrowy u\u015bmiech.<\/strong><\/p>\n<p><\/p>\n<p><\/p>\n<hr class=\"wp-block-separator has-css-opacity\">\n<p><\/p>\t\t\t\t\t\t\t\t<\/div>\n\t\t\t\t<\/div>\n\t\t\t\t\t<\/div>\n\t\t<\/div>\n\t\t\t\t\t<\/div>\n\t\t<\/section>\n\t\t\t\t<\/div>\n\t\t","protected":false},"excerpt":{"rendered":"<p>Inflancka 4 Dental Clinic &#8211; Stomatologia Wroc\u0142aw Od ponad 20 lat spe\u0142niamy marzenia o pi\u0119knym i zdrowym u\u015bmiechu, tym samym poprawiaj\u0105c jako\u015b\u0107 \u017cycia Pacjent\u00f3w! &hellip; <a href=\"https:\/\/inflancka4.pl\/\" class=\"readmore\">More <span class=\"screen-reader-text\">O nas<\/span> &raquo;<\/a><\/p>\n","protected":false},"author":1,"featured_media":0,"parent":0,"menu_order":0,"comment_status":"closed","ping_status":"closed","template":"template-fullwidth.php","meta":{"_monsterinsights_skip_tracking":false,"_monsterinsights_sitenote_active":false,"_monsterinsights_sitenote_note":"","_monsterinsights_sitenote_category":0,"footnotes":""},"class_list":["post-17","page","type-page","status-publish","hentry"],"aioseo_notices":[],"_links":{"self":[{"href":"https:\/\/inflancka4.pl\/index.php\/wp-json\/wp\/v2\/pages\/17","targetHints":{"allow":["GET"]}}],"collection":[{"href":"https:\/\/inflancka4.pl\/index.php\/wp-json\/wp\/v2\/pages"}],"about":[{"href":"https:\/\/inflancka4.pl\/index.php\/wp-json\/wp\/v2\/types\/page"}],"author":[{"embeddable":true,"href":"https:\/\/inflancka4.pl\/index.php\/wp-json\/wp\/v2\/users\/1"}],"replies":[{"embeddable":true,"href":"https:\/\/inflancka4.pl\/index.php\/wp-json\/wp\/v2\/comments?post=17"}],"version-history":[{"count":94,"href":"https:\/\/inflancka4.pl\/index.php\/wp-json\/wp\/v2\/pages\/17\/revisions"}],"predecessor-version":[{"id":1684,"href":"https:\/\/inflancka4.pl\/index.php\/wp-json\/wp\/v2\/pages\/17\/revisions\/1684"}],"wp:attachment":[{"href":"https:\/\/inflancka4.pl\/index.php\/wp-json\/wp\/v2\/media?parent=17"}],"curies":[{"name":"wp","href":"https:\/\/api.w.org\/{rel}","templated":true}]}}