{"id":1461,"date":"2024-02-26T14:59:56","date_gmt":"2024-02-26T13:59:56","guid":{"rendered":"https:\/\/inflancka4.pl\/?page_id=1461"},"modified":"2024-02-26T15:01:01","modified_gmt":"2024-02-26T14:01:01","slug":"kamila-nowak","status":"publish","type":"page","link":"https:\/\/inflancka4.pl\/index.php\/kamila-nowak\/","title":{"rendered":"dyplomowana higienistka stomatologiczna Kamila Nowak"},"content":{"rendered":"\n<div class=\"wp-block-media-text alignwide is-stacked-on-mobile is-image-fill\"><figure class=\"wp-block-media-text__media\" style=\"background-image:url(https:\/\/inflancka4.pl\/wp-content\/uploads\/2024\/02\/91-1024x1024.jpg);background-position:50% 50%\"><img fetchpriority=\"high\" decoding=\"async\" width=\"1024\" height=\"1024\" src=\"https:\/\/inflancka4.pl\/wp-content\/uploads\/2024\/02\/91-1024x1024.jpg\" alt=\"\" class=\"wp-image-1400 size-full\" srcset=\"https:\/\/inflancka4.pl\/wp-content\/uploads\/2024\/02\/91-1024x1024.jpg 1024w, https:\/\/inflancka4.pl\/wp-content\/uploads\/2024\/02\/91-300x300.jpg 300w, https:\/\/inflancka4.pl\/wp-content\/uploads\/2024\/02\/91-150x150.jpg 150w, https:\/\/inflancka4.pl\/wp-content\/uploads\/2024\/02\/91-768x768.jpg 768w, https:\/\/inflancka4.pl\/wp-content\/uploads\/2024\/02\/91-400x400.jpg 400w, https:\/\/inflancka4.pl\/wp-content\/uploads\/2024\/02\/91-350x350.jpg 350w, https:\/\/inflancka4.pl\/wp-content\/uploads\/2024\/02\/91.jpg 1400w\" sizes=\"(max-width: 1024px) 100vw, 1024px\" \/><\/figure><div class=\"wp-block-media-text__content\">\n<h3 class=\"wp-block-heading\"><\/h3>\n\n\n\n<p class=\"has-medium-font-size\">Dyplomowana higienistka stomatologiczna z 10-letnim do\u015bwiadczeniem zawodowym. Poza asystowaniem i praca z lekarzem, przeprowadza zabiegi higienizacji i wybielania z\u0119b\u00f3w oraz edukuje Pacjent\u00f3w w zakresie higieny jamy ustnej. Swoje kwalifikacje i umiej\u0119tno\u015bci podnosi uczestnicz\u0105c w licznych kursach i szkoleniach. Cechuje j\u0105 zdolno\u015b\u0107 w dzia\u0142aniach zespo\u0142owych, ale r\u00f3wnie doskonale wype\u0142nia zadania indywidualne. W pracy ceni dobr\u0105 atmosfer\u0119 i wsp\u00f3lne d\u0105\u017cenie do za\u0142o\u017conych cel\u00f3w.<\/p>\n\n\n\n<div class=\"wp-block-buttons is-layout-flex wp-block-buttons-is-layout-flex\">\n<div class=\"wp-block-button has-custom-font-size is-style-outline has-small-font-size is-style-outline--1\"><a class=\"wp-block-button__link no-border-radius wp-element-button\" href=\"https:\/\/inflancka4.pl\/index.php\/nasz-zespol\/\">Poznaj pozosta\u0142ych cz\u0142onk\u00f3w zespo\u0142u<\/a><\/div>\n<\/div>\n<\/div><\/div>\n\n\n\n<div class=\"wp-block-buttons is-layout-flex wp-block-buttons-is-layout-flex\"><\/div>\n","protected":false},"excerpt":{"rendered":"Dyplomowana higienistka stomatologiczna z 10-letnim do\u015bwiadczeniem zawodowym. Poza asystowaniem i praca z lekarzem, przeprowadza zabiegi higienizacji i wybielania z\u0119b\u00f3w oraz edukuje Pacjent\u00f3w w zakresie &hellip; <a href=\"https:\/\/inflancka4.pl\/index.php\/kamila-nowak\/\" class=\"readmore\">More <span class=\"screen-reader-text\">dyplomowana higienistka stomatologiczna Kamila Nowak<\/span> &raquo;<\/a>","protected":false},"author":1,"featured_media":0,"parent":0,"menu_order":0,"comment_status":"closed","ping_status":"closed","template":"template-fullwidth.php","meta":{"_monsterinsights_skip_tracking":false,"_monsterinsights_sitenote_active":false,"_monsterinsights_sitenote_note":"","_monsterinsights_sitenote_category":0,"footnotes":""},"class_list":["post-1461","page","type-page","status-publish","hentry"],"aioseo_notices":[],"_links":{"self":[{"href":"https:\/\/inflancka4.pl\/index.php\/wp-json\/wp\/v2\/pages\/1461","targetHints":{"allow":["GET"]}}],"collection":[{"href":"https:\/\/inflancka4.pl\/index.php\/wp-json\/wp\/v2\/pages"}],"about":[{"href":"https:\/\/inflancka4.pl\/index.php\/wp-json\/wp\/v2\/types\/page"}],"author":[{"embeddable":true,"href":"https:\/\/inflancka4.pl\/index.php\/wp-json\/wp\/v2\/users\/1"}],"replies":[{"embeddable":true,"href":"https:\/\/inflancka4.pl\/index.php\/wp-json\/wp\/v2\/comments?post=1461"}],"version-history":[{"count":1,"href":"https:\/\/inflancka4.pl\/index.php\/wp-json\/wp\/v2\/pages\/1461\/revisions"}],"predecessor-version":[{"id":1462,"href":"https:\/\/inflancka4.pl\/index.php\/wp-json\/wp\/v2\/pages\/1461\/revisions\/1462"}],"wp:attachment":[{"href":"https:\/\/inflancka4.pl\/index.php\/wp-json\/wp\/v2\/media?parent=1461"}],"curies":[{"name":"wp","href":"https:\/\/api.w.org\/{rel}","templated":true}]}}