{"id":1444,"date":"2024-02-26T14:42:38","date_gmt":"2024-02-26T13:42:38","guid":{"rendered":"https:\/\/inflancka4.pl\/?page_id=1444"},"modified":"2024-03-01T13:39:20","modified_gmt":"2024-03-01T12:39:20","slug":"lek-stom-magdalena-lauffs","status":"publish","type":"page","link":"https:\/\/inflancka4.pl\/index.php\/lek-stom-magdalena-lauffs\/","title":{"rendered":"lek. stom. Magdalena Lauffs"},"content":{"rendered":"\n<div class=\"wp-block-media-text alignwide is-stacked-on-mobile is-image-fill\"><figure class=\"wp-block-media-text__media\" style=\"background-image:url(https:\/\/inflancka4.pl\/wp-content\/uploads\/2024\/02\/27500737_214761515759936_8056274247363339042_o.jpg);background-position:50% 50%\"><img fetchpriority=\"high\" decoding=\"async\" width=\"747\" height=\"1024\" src=\"https:\/\/inflancka4.pl\/wp-content\/uploads\/2024\/02\/27500737_214761515759936_8056274247363339042_o.jpg\" alt=\"\" class=\"wp-image-1366 size-full\" srcset=\"https:\/\/inflancka4.pl\/wp-content\/uploads\/2024\/02\/27500737_214761515759936_8056274247363339042_o.jpg 747w, https:\/\/inflancka4.pl\/wp-content\/uploads\/2024\/02\/27500737_214761515759936_8056274247363339042_o-219x300.jpg 219w, https:\/\/inflancka4.pl\/wp-content\/uploads\/2024\/02\/27500737_214761515759936_8056274247363339042_o-350x480.jpg 350w\" sizes=\"(max-width: 747px) 100vw, 747px\" \/><\/figure><div class=\"wp-block-media-text__content\">\n<h3 class=\"wp-block-heading\"><\/h3>\n\n\n\n<p class=\"has-medium-font-size\">Absolwentka Akademii Medycznej im. Piast\u00f3w \u015al\u0105skich we Wroc\u0142awiu na Wydziale Lekarskim Odzia\u0142 Stomatologia, uko\u0144czonym w 1994r. W 1996 uko\u0144czy\u0142a specjalizacj\u0119 1 stopnia ze Stomatologii&nbsp; Og\u00f3lnej. Tematem pracy specjalizacyjnej by\u0142y &#8220;Metody opracowywania i wype\u0142niania kana\u0142\u00f3w korzeniowych&#8221;. I tak konsekwentnie od ponad 25 lat z zastosowaniem najnowszych technologii zajmuje si\u0119 leczeniem endodontycznym, chocia\u017c r\u00f3wnie ch\u0119tnie projektowaniem u\u015bmiech\u00f3w w zakresie&nbsp; stomatologii estetycznej i protetyki.<\/p>\n\n\n\n<p class=\"has-medium-font-size\">W 2023 uko\u0144czy\u0142a studia podyplomowe Master of Business Administration w Ochronie Zdrowia, prac\u0105 nt.\u00a0&#8220;Najnowszych Technologii w Systemie Ochrony Zdrowia&#8221;.<\/p>\n\n\n\n<p class=\"has-medium-font-size\">W kontakcie z pacjentem nastawiona na pomoc, ale r\u00f3wnie\u017c&nbsp; dbaj\u0105ca o dobrostan pacjenta. Pe\u0142na empatii pocz\u0105wszy dzieci&nbsp; po senior\u00f3w.<\/p>\n\n\n\n<p class=\"has-medium-font-size\">Prywatnie kocha kino i czasem samotne piesze w\u0119dr\u00f3wki .<\/p>\n\n\n\n<div class=\"wp-block-buttons is-layout-flex wp-block-buttons-is-layout-flex\">\n<div class=\"wp-block-button has-custom-font-size is-style-outline has-small-font-size is-style-outline--1\"><a class=\"wp-block-button__link no-border-radius wp-element-button\" href=\"https:\/\/inflancka4.pl\/index.php\/nasz-zespol\/\">Poznaj pozosta\u0142ych cz\u0142onk\u00f3w zespo\u0142u<\/a><\/div>\n<\/div>\n<\/div><\/div>\n\n\n\n<p><\/p>\n\n\n\n<p class=\"has-black-color has-text-color has-link-color has-medium-font-size wp-elements-9ea9de3557edab6b4469dff93e6affdc\"><\/p>\n\n\n\n<figure class=\"wp-block-gallery has-nested-images columns-default wp-block-gallery-2 is-layout-flex wp-block-gallery-is-layout-flex\">\n<figure class=\"wp-block-image size-large\"><a href=\"https:\/\/inflancka4.pl\/wp-content\/uploads\/2024\/02\/SCAN0260-scaled.jpg\" target=\"_blank\" rel=\"noopener\"><img decoding=\"async\" width=\"725\" height=\"1024\" data-id=\"1472\" src=\"https:\/\/inflancka4.pl\/wp-content\/uploads\/2024\/02\/SCAN0260-725x1024.jpg\" alt=\"\" class=\"wp-image-1472\" srcset=\"https:\/\/inflancka4.pl\/wp-content\/uploads\/2024\/02\/SCAN0260-725x1024.jpg 725w, https:\/\/inflancka4.pl\/wp-content\/uploads\/2024\/02\/SCAN0260-212x300.jpg 212w, https:\/\/inflancka4.pl\/wp-content\/uploads\/2024\/02\/SCAN0260-768x1085.jpg 768w, https:\/\/inflancka4.pl\/wp-content\/uploads\/2024\/02\/SCAN0260-1087x1536.jpg 1087w, https:\/\/inflancka4.pl\/wp-content\/uploads\/2024\/02\/SCAN0260-1449x2048.jpg 1449w, https:\/\/inflancka4.pl\/wp-content\/uploads\/2024\/02\/SCAN0260-350x495.jpg 350w, https:\/\/inflancka4.pl\/wp-content\/uploads\/2024\/02\/SCAN0260-scaled.jpg 1812w\" sizes=\"(max-width: 725px) 100vw, 725px\" \/><\/a><\/figure>\n\n\n\n<figure class=\"wp-block-image size-large\"><a href=\"https:\/\/inflancka4.pl\/wp-content\/uploads\/2024\/02\/SCAN0261-scaled.jpg\" target=\"_blank\" rel=\"noopener\"><img decoding=\"async\" width=\"725\" height=\"1024\" data-id=\"1473\" src=\"https:\/\/inflancka4.pl\/wp-content\/uploads\/2024\/02\/SCAN0261-725x1024.jpg\" alt=\"\" class=\"wp-image-1473\" srcset=\"https:\/\/inflancka4.pl\/wp-content\/uploads\/2024\/02\/SCAN0261-725x1024.jpg 725w, https:\/\/inflancka4.pl\/wp-content\/uploads\/2024\/02\/SCAN0261-212x300.jpg 212w, https:\/\/inflancka4.pl\/wp-content\/uploads\/2024\/02\/SCAN0261-768x1085.jpg 768w, https:\/\/inflancka4.pl\/wp-content\/uploads\/2024\/02\/SCAN0261-1087x1536.jpg 1087w, https:\/\/inflancka4.pl\/wp-content\/uploads\/2024\/02\/SCAN0261-1449x2048.jpg 1449w, https:\/\/inflancka4.pl\/wp-content\/uploads\/2024\/02\/SCAN0261-350x495.jpg 350w, https:\/\/inflancka4.pl\/wp-content\/uploads\/2024\/02\/SCAN0261-scaled.jpg 1812w\" sizes=\"(max-width: 725px) 100vw, 725px\" \/><\/a><\/figure>\n\n\n\n<figure class=\"wp-block-image size-large\"><a href=\"https:\/\/inflancka4.pl\/wp-content\/uploads\/2024\/02\/SCAN0262-scaled.jpg\" target=\"_blank\" rel=\"noopener\"><img loading=\"lazy\" decoding=\"async\" width=\"725\" height=\"1024\" data-id=\"1474\" src=\"https:\/\/inflancka4.pl\/wp-content\/uploads\/2024\/02\/SCAN0262-725x1024.jpg\" alt=\"\" class=\"wp-image-1474\" srcset=\"https:\/\/inflancka4.pl\/wp-content\/uploads\/2024\/02\/SCAN0262-725x1024.jpg 725w, https:\/\/inflancka4.pl\/wp-content\/uploads\/2024\/02\/SCAN0262-212x300.jpg 212w, https:\/\/inflancka4.pl\/wp-content\/uploads\/2024\/02\/SCAN0262-768x1085.jpg 768w, https:\/\/inflancka4.pl\/wp-content\/uploads\/2024\/02\/SCAN0262-1087x1536.jpg 1087w, https:\/\/inflancka4.pl\/wp-content\/uploads\/2024\/02\/SCAN0262-1449x2048.jpg 1449w, https:\/\/inflancka4.pl\/wp-content\/uploads\/2024\/02\/SCAN0262-350x495.jpg 350w, https:\/\/inflancka4.pl\/wp-content\/uploads\/2024\/02\/SCAN0262-scaled.jpg 1812w\" sizes=\"(max-width: 725px) 100vw, 725px\" \/><\/a><\/figure>\n\n\n\n<figure class=\"wp-block-image size-large\"><a href=\"https:\/\/inflancka4.pl\/wp-content\/uploads\/2024\/02\/SCAN0263-scaled.jpg\" target=\"_blank\" rel=\"noopener\"><img loading=\"lazy\" decoding=\"async\" width=\"725\" height=\"1024\" data-id=\"1475\" src=\"https:\/\/inflancka4.pl\/wp-content\/uploads\/2024\/02\/SCAN0263-725x1024.jpg\" alt=\"\" class=\"wp-image-1475\" srcset=\"https:\/\/inflancka4.pl\/wp-content\/uploads\/2024\/02\/SCAN0263-725x1024.jpg 725w, https:\/\/inflancka4.pl\/wp-content\/uploads\/2024\/02\/SCAN0263-212x300.jpg 212w, https:\/\/inflancka4.pl\/wp-content\/uploads\/2024\/02\/SCAN0263-768x1085.jpg 768w, https:\/\/inflancka4.pl\/wp-content\/uploads\/2024\/02\/SCAN0263-1087x1536.jpg 1087w, https:\/\/inflancka4.pl\/wp-content\/uploads\/2024\/02\/SCAN0263-1449x2048.jpg 1449w, https:\/\/inflancka4.pl\/wp-content\/uploads\/2024\/02\/SCAN0263-350x495.jpg 350w, https:\/\/inflancka4.pl\/wp-content\/uploads\/2024\/02\/SCAN0263-scaled.jpg 1812w\" sizes=\"(max-width: 725px) 100vw, 725px\" \/><\/a><\/figure>\n\n\n\n<figure class=\"wp-block-image size-large\"><a href=\"https:\/\/inflancka4.pl\/wp-content\/uploads\/2024\/02\/SCAN0249-scaled.jpg\" target=\"_blank\" rel=\"noopener\"><img loading=\"lazy\" decoding=\"async\" width=\"725\" height=\"1024\" data-id=\"1481\" src=\"https:\/\/inflancka4.pl\/wp-content\/uploads\/2024\/02\/SCAN0249-725x1024.jpg\" alt=\"\" class=\"wp-image-1481\" srcset=\"https:\/\/inflancka4.pl\/wp-content\/uploads\/2024\/02\/SCAN0249-725x1024.jpg 725w, https:\/\/inflancka4.pl\/wp-content\/uploads\/2024\/02\/SCAN0249-212x300.jpg 212w, https:\/\/inflancka4.pl\/wp-content\/uploads\/2024\/02\/SCAN0249-768x1085.jpg 768w, https:\/\/inflancka4.pl\/wp-content\/uploads\/2024\/02\/SCAN0249-1087x1536.jpg 1087w, https:\/\/inflancka4.pl\/wp-content\/uploads\/2024\/02\/SCAN0249-1449x2048.jpg 1449w, https:\/\/inflancka4.pl\/wp-content\/uploads\/2024\/02\/SCAN0249-350x495.jpg 350w, https:\/\/inflancka4.pl\/wp-content\/uploads\/2024\/02\/SCAN0249-scaled.jpg 1812w\" sizes=\"(max-width: 725px) 100vw, 725px\" \/><\/a><\/figure>\n\n\n\n<figure class=\"wp-block-image size-large\"><a href=\"https:\/\/inflancka4.pl\/wp-content\/uploads\/2024\/02\/SCAN0250-scaled.jpg\" target=\"_blank\" rel=\"noopener\"><img loading=\"lazy\" decoding=\"async\" width=\"725\" height=\"1024\" data-id=\"1482\" src=\"https:\/\/inflancka4.pl\/wp-content\/uploads\/2024\/02\/SCAN0250-725x1024.jpg\" alt=\"\" class=\"wp-image-1482\" srcset=\"https:\/\/inflancka4.pl\/wp-content\/uploads\/2024\/02\/SCAN0250-725x1024.jpg 725w, https:\/\/inflancka4.pl\/wp-content\/uploads\/2024\/02\/SCAN0250-212x300.jpg 212w, https:\/\/inflancka4.pl\/wp-content\/uploads\/2024\/02\/SCAN0250-768x1085.jpg 768w, https:\/\/inflancka4.pl\/wp-content\/uploads\/2024\/02\/SCAN0250-1087x1536.jpg 1087w, https:\/\/inflancka4.pl\/wp-content\/uploads\/2024\/02\/SCAN0250-1449x2048.jpg 1449w, https:\/\/inflancka4.pl\/wp-content\/uploads\/2024\/02\/SCAN0250-350x495.jpg 350w, https:\/\/inflancka4.pl\/wp-content\/uploads\/2024\/02\/SCAN0250-scaled.jpg 1812w\" sizes=\"(max-width: 725px) 100vw, 725px\" \/><\/a><\/figure>\n\n\n\n<figure class=\"wp-block-image size-large\"><a href=\"https:\/\/inflancka4.pl\/wp-content\/uploads\/2024\/02\/SCAN0253-scaled.jpg\" target=\"_blank\" rel=\"noopener\"><img loading=\"lazy\" decoding=\"async\" width=\"725\" height=\"1024\" data-id=\"1485\" src=\"https:\/\/inflancka4.pl\/wp-content\/uploads\/2024\/02\/SCAN0253-725x1024.jpg\" alt=\"\" class=\"wp-image-1485\" srcset=\"https:\/\/inflancka4.pl\/wp-content\/uploads\/2024\/02\/SCAN0253-725x1024.jpg 725w, https:\/\/inflancka4.pl\/wp-content\/uploads\/2024\/02\/SCAN0253-212x300.jpg 212w, https:\/\/inflancka4.pl\/wp-content\/uploads\/2024\/02\/SCAN0253-768x1085.jpg 768w, https:\/\/inflancka4.pl\/wp-content\/uploads\/2024\/02\/SCAN0253-1087x1536.jpg 1087w, https:\/\/inflancka4.pl\/wp-content\/uploads\/2024\/02\/SCAN0253-1449x2048.jpg 1449w, https:\/\/inflancka4.pl\/wp-content\/uploads\/2024\/02\/SCAN0253-350x495.jpg 350w, https:\/\/inflancka4.pl\/wp-content\/uploads\/2024\/02\/SCAN0253-scaled.jpg 1812w\" sizes=\"(max-width: 725px) 100vw, 725px\" \/><\/a><\/figure>\n\n\n\n<figure class=\"wp-block-image size-large\"><a href=\"https:\/\/inflancka4.pl\/wp-content\/uploads\/2024\/02\/SCAN0254-scaled.jpg\" target=\"_blank\" rel=\"noopener\"><img loading=\"lazy\" decoding=\"async\" width=\"725\" height=\"1024\" data-id=\"1486\" src=\"https:\/\/inflancka4.pl\/wp-content\/uploads\/2024\/02\/SCAN0254-725x1024.jpg\" alt=\"\" class=\"wp-image-1486\" srcset=\"https:\/\/inflancka4.pl\/wp-content\/uploads\/2024\/02\/SCAN0254-725x1024.jpg 725w, https:\/\/inflancka4.pl\/wp-content\/uploads\/2024\/02\/SCAN0254-212x300.jpg 212w, https:\/\/inflancka4.pl\/wp-content\/uploads\/2024\/02\/SCAN0254-768x1085.jpg 768w, https:\/\/inflancka4.pl\/wp-content\/uploads\/2024\/02\/SCAN0254-1087x1536.jpg 1087w, https:\/\/inflancka4.pl\/wp-content\/uploads\/2024\/02\/SCAN0254-1449x2048.jpg 1449w, https:\/\/inflancka4.pl\/wp-content\/uploads\/2024\/02\/SCAN0254-350x495.jpg 350w, https:\/\/inflancka4.pl\/wp-content\/uploads\/2024\/02\/SCAN0254-scaled.jpg 1812w\" sizes=\"(max-width: 725px) 100vw, 725px\" \/><\/a><\/figure>\n\n\n\n<figure class=\"wp-block-image size-large\"><a href=\"https:\/\/inflancka4.pl\/wp-content\/uploads\/2024\/02\/SCAN0256-scaled.jpg\" target=\"_blank\" rel=\"noopener\"><img loading=\"lazy\" decoding=\"async\" width=\"725\" height=\"1024\" data-id=\"1488\" src=\"https:\/\/inflancka4.pl\/wp-content\/uploads\/2024\/02\/SCAN0256-725x1024.jpg\" alt=\"\" class=\"wp-image-1488\" srcset=\"https:\/\/inflancka4.pl\/wp-content\/uploads\/2024\/02\/SCAN0256-725x1024.jpg 725w, https:\/\/inflancka4.pl\/wp-content\/uploads\/2024\/02\/SCAN0256-212x300.jpg 212w, https:\/\/inflancka4.pl\/wp-content\/uploads\/2024\/02\/SCAN0256-768x1085.jpg 768w, https:\/\/inflancka4.pl\/wp-content\/uploads\/2024\/02\/SCAN0256-1087x1536.jpg 1087w, https:\/\/inflancka4.pl\/wp-content\/uploads\/2024\/02\/SCAN0256-1449x2048.jpg 1449w, https:\/\/inflancka4.pl\/wp-content\/uploads\/2024\/02\/SCAN0256-350x495.jpg 350w, https:\/\/inflancka4.pl\/wp-content\/uploads\/2024\/02\/SCAN0256-scaled.jpg 1812w\" sizes=\"(max-width: 725px) 100vw, 725px\" \/><\/a><\/figure>\n\n\n\n<figure class=\"wp-block-image size-large\"><a href=\"https:\/\/inflancka4.pl\/wp-content\/uploads\/2024\/02\/SCAN0257-scaled.jpg\" target=\"_blank\" rel=\"noopener\"><img loading=\"lazy\" decoding=\"async\" width=\"725\" height=\"1024\" data-id=\"1489\" src=\"https:\/\/inflancka4.pl\/wp-content\/uploads\/2024\/02\/SCAN0257-725x1024.jpg\" alt=\"\" class=\"wp-image-1489\" srcset=\"https:\/\/inflancka4.pl\/wp-content\/uploads\/2024\/02\/SCAN0257-725x1024.jpg 725w, https:\/\/inflancka4.pl\/wp-content\/uploads\/2024\/02\/SCAN0257-212x300.jpg 212w, https:\/\/inflancka4.pl\/wp-content\/uploads\/2024\/02\/SCAN0257-768x1085.jpg 768w, https:\/\/inflancka4.pl\/wp-content\/uploads\/2024\/02\/SCAN0257-1087x1536.jpg 1087w, https:\/\/inflancka4.pl\/wp-content\/uploads\/2024\/02\/SCAN0257-1449x2048.jpg 1449w, https:\/\/inflancka4.pl\/wp-content\/uploads\/2024\/02\/SCAN0257-350x495.jpg 350w, https:\/\/inflancka4.pl\/wp-content\/uploads\/2024\/02\/SCAN0257-scaled.jpg 1812w\" sizes=\"(max-width: 725px) 100vw, 725px\" \/><\/a><\/figure>\n\n\n\n<figure class=\"wp-block-image size-large\"><a href=\"https:\/\/inflancka4.pl\/wp-content\/uploads\/2024\/02\/SCAN0258-scaled.jpg\" target=\"_blank\" rel=\"noopener\"><img loading=\"lazy\" decoding=\"async\" width=\"725\" height=\"1024\" data-id=\"1490\" src=\"https:\/\/inflancka4.pl\/wp-content\/uploads\/2024\/02\/SCAN0258-725x1024.jpg\" alt=\"\" class=\"wp-image-1490\" srcset=\"https:\/\/inflancka4.pl\/wp-content\/uploads\/2024\/02\/SCAN0258-725x1024.jpg 725w, https:\/\/inflancka4.pl\/wp-content\/uploads\/2024\/02\/SCAN0258-212x300.jpg 212w, https:\/\/inflancka4.pl\/wp-content\/uploads\/2024\/02\/SCAN0258-768x1085.jpg 768w, https:\/\/inflancka4.pl\/wp-content\/uploads\/2024\/02\/SCAN0258-1087x1536.jpg 1087w, https:\/\/inflancka4.pl\/wp-content\/uploads\/2024\/02\/SCAN0258-1449x2048.jpg 1449w, https:\/\/inflancka4.pl\/wp-content\/uploads\/2024\/02\/SCAN0258-350x495.jpg 350w, https:\/\/inflancka4.pl\/wp-content\/uploads\/2024\/02\/SCAN0258-scaled.jpg 1812w\" sizes=\"(max-width: 725px) 100vw, 725px\" \/><\/a><\/figure>\n\n\n\n<figure class=\"wp-block-image size-large\"><a href=\"https:\/\/inflancka4.pl\/wp-content\/uploads\/2024\/02\/SCAN0259-scaled.jpg\" target=\"_blank\" rel=\"noopener\"><img loading=\"lazy\" decoding=\"async\" width=\"725\" height=\"1024\" data-id=\"1492\" src=\"https:\/\/inflancka4.pl\/wp-content\/uploads\/2024\/02\/SCAN0259-725x1024.jpg\" alt=\"\" class=\"wp-image-1492\" srcset=\"https:\/\/inflancka4.pl\/wp-content\/uploads\/2024\/02\/SCAN0259-725x1024.jpg 725w, https:\/\/inflancka4.pl\/wp-content\/uploads\/2024\/02\/SCAN0259-212x300.jpg 212w, https:\/\/inflancka4.pl\/wp-content\/uploads\/2024\/02\/SCAN0259-768x1085.jpg 768w, https:\/\/inflancka4.pl\/wp-content\/uploads\/2024\/02\/SCAN0259-1087x1536.jpg 1087w, https:\/\/inflancka4.pl\/wp-content\/uploads\/2024\/02\/SCAN0259-1449x2048.jpg 1449w, https:\/\/inflancka4.pl\/wp-content\/uploads\/2024\/02\/SCAN0259-350x495.jpg 350w, https:\/\/inflancka4.pl\/wp-content\/uploads\/2024\/02\/SCAN0259-scaled.jpg 1812w\" sizes=\"(max-width: 725px) 100vw, 725px\" \/><\/a><\/figure>\n\n\n\n<figure class=\"wp-block-image size-large\"><a href=\"https:\/\/inflancka4.pl\/wp-content\/uploads\/2024\/02\/SCAN0255-scaled-e1708961778126.jpg\" target=\"_blank\" rel=\"noopener\"><img loading=\"lazy\" decoding=\"async\" width=\"1024\" height=\"725\" data-id=\"1487\" src=\"https:\/\/inflancka4.pl\/wp-content\/uploads\/2024\/02\/SCAN0255-scaled-e1708961778126-1024x725.jpg\" alt=\"\" class=\"wp-image-1487\" srcset=\"https:\/\/inflancka4.pl\/wp-content\/uploads\/2024\/02\/SCAN0255-scaled-e1708961778126-1024x725.jpg 1024w, https:\/\/inflancka4.pl\/wp-content\/uploads\/2024\/02\/SCAN0255-scaled-e1708961778126-300x212.jpg 300w, https:\/\/inflancka4.pl\/wp-content\/uploads\/2024\/02\/SCAN0255-scaled-e1708961778126-768x544.jpg 768w, https:\/\/inflancka4.pl\/wp-content\/uploads\/2024\/02\/SCAN0255-scaled-e1708961778126-1536x1087.jpg 1536w, https:\/\/inflancka4.pl\/wp-content\/uploads\/2024\/02\/SCAN0255-scaled-e1708961778126-2048x1450.jpg 2048w, https:\/\/inflancka4.pl\/wp-content\/uploads\/2024\/02\/SCAN0255-scaled-e1708961778126-350x248.jpg 350w\" sizes=\"(max-width: 1024px) 100vw, 1024px\" \/><\/a><\/figure>\n\n\n\n<figure class=\"wp-block-image size-large\"><a href=\"https:\/\/inflancka4.pl\/wp-content\/uploads\/2024\/02\/SCAN0248-scaled-e1708957832986.jpg\" target=\"_blank\" rel=\"noopener\"><img loading=\"lazy\" decoding=\"async\" width=\"1024\" height=\"725\" data-id=\"1476\" src=\"https:\/\/inflancka4.pl\/wp-content\/uploads\/2024\/02\/SCAN0248-scaled-e1708957832986-1024x725.jpg\" alt=\"\" class=\"wp-image-1476\" srcset=\"https:\/\/inflancka4.pl\/wp-content\/uploads\/2024\/02\/SCAN0248-scaled-e1708957832986-1024x725.jpg 1024w, https:\/\/inflancka4.pl\/wp-content\/uploads\/2024\/02\/SCAN0248-scaled-e1708957832986-300x212.jpg 300w, https:\/\/inflancka4.pl\/wp-content\/uploads\/2024\/02\/SCAN0248-scaled-e1708957832986-768x544.jpg 768w, https:\/\/inflancka4.pl\/wp-content\/uploads\/2024\/02\/SCAN0248-scaled-e1708957832986-1536x1087.jpg 1536w, https:\/\/inflancka4.pl\/wp-content\/uploads\/2024\/02\/SCAN0248-scaled-e1708957832986-2048x1450.jpg 2048w, https:\/\/inflancka4.pl\/wp-content\/uploads\/2024\/02\/SCAN0248-scaled-e1708957832986-350x248.jpg 350w\" sizes=\"(max-width: 1024px) 100vw, 1024px\" \/><\/a><\/figure>\n\n\n\n<figure class=\"wp-block-image size-large\"><a href=\"https:\/\/inflancka4.pl\/wp-content\/uploads\/2024\/02\/SCAN0251-scaled-e1708961984349.jpg\" target=\"_blank\" rel=\"noopener\"><img loading=\"lazy\" decoding=\"async\" width=\"1024\" height=\"725\" data-id=\"1483\" src=\"https:\/\/inflancka4.pl\/wp-content\/uploads\/2024\/02\/SCAN0251-scaled-e1708961984349-1024x725.jpg\" alt=\"\" class=\"wp-image-1483\" srcset=\"https:\/\/inflancka4.pl\/wp-content\/uploads\/2024\/02\/SCAN0251-scaled-e1708961984349-1024x725.jpg 1024w, https:\/\/inflancka4.pl\/wp-content\/uploads\/2024\/02\/SCAN0251-scaled-e1708961984349-300x212.jpg 300w, https:\/\/inflancka4.pl\/wp-content\/uploads\/2024\/02\/SCAN0251-scaled-e1708961984349-768x544.jpg 768w, https:\/\/inflancka4.pl\/wp-content\/uploads\/2024\/02\/SCAN0251-scaled-e1708961984349-1536x1087.jpg 1536w, https:\/\/inflancka4.pl\/wp-content\/uploads\/2024\/02\/SCAN0251-scaled-e1708961984349-2048x1450.jpg 2048w, https:\/\/inflancka4.pl\/wp-content\/uploads\/2024\/02\/SCAN0251-scaled-e1708961984349-350x248.jpg 350w\" sizes=\"(max-width: 1024px) 100vw, 1024px\" \/><\/a><\/figure>\n\n\n\n<figure class=\"wp-block-image size-large\"><a href=\"https:\/\/inflancka4.pl\/wp-content\/uploads\/2024\/02\/SCAN0252-scaled-e1708961927302.jpg\" target=\"_blank\" rel=\"noopener\"><img loading=\"lazy\" decoding=\"async\" width=\"743\" height=\"1024\" data-id=\"1484\" src=\"https:\/\/inflancka4.pl\/wp-content\/uploads\/2024\/02\/SCAN0252-scaled-e1708961927302-743x1024.jpg\" alt=\"\" class=\"wp-image-1484\" srcset=\"https:\/\/inflancka4.pl\/wp-content\/uploads\/2024\/02\/SCAN0252-scaled-e1708961927302-743x1024.jpg 743w, https:\/\/inflancka4.pl\/wp-content\/uploads\/2024\/02\/SCAN0252-scaled-e1708961927302-218x300.jpg 218w, https:\/\/inflancka4.pl\/wp-content\/uploads\/2024\/02\/SCAN0252-scaled-e1708961927302-768x1059.jpg 768w, https:\/\/inflancka4.pl\/wp-content\/uploads\/2024\/02\/SCAN0252-scaled-e1708961927302-1114x1536.jpg 1114w, https:\/\/inflancka4.pl\/wp-content\/uploads\/2024\/02\/SCAN0252-scaled-e1708961927302-350x483.jpg 350w, https:\/\/inflancka4.pl\/wp-content\/uploads\/2024\/02\/SCAN0252-scaled-e1708961927302.jpg 1314w\" sizes=\"(max-width: 743px) 100vw, 743px\" \/><\/a><\/figure>\n<\/figure>\n","protected":false},"excerpt":{"rendered":"Absolwentka Akademii Medycznej im. Piast\u00f3w \u015al\u0105skich we Wroc\u0142awiu na Wydziale Lekarskim Odzia\u0142 Stomatologia, uko\u0144czonym w 1994r. W 1996 uko\u0144czy\u0142a specjalizacj\u0119 1 stopnia ze Stomatologii&nbsp; &hellip; <a href=\"https:\/\/inflancka4.pl\/index.php\/lek-stom-magdalena-lauffs\/\" class=\"readmore\">More <span class=\"screen-reader-text\">lek. stom. Magdalena Lauffs<\/span> &raquo;<\/a>","protected":false},"author":1,"featured_media":0,"parent":0,"menu_order":0,"comment_status":"closed","ping_status":"closed","template":"template-fullwidth.php","meta":{"_monsterinsights_skip_tracking":false,"_monsterinsights_sitenote_active":false,"_monsterinsights_sitenote_note":"","_monsterinsights_sitenote_category":0,"footnotes":""},"class_list":["post-1444","page","type-page","status-publish","hentry"],"aioseo_notices":[],"_links":{"self":[{"href":"https:\/\/inflancka4.pl\/index.php\/wp-json\/wp\/v2\/pages\/1444","targetHints":{"allow":["GET"]}}],"collection":[{"href":"https:\/\/inflancka4.pl\/index.php\/wp-json\/wp\/v2\/pages"}],"about":[{"href":"https:\/\/inflancka4.pl\/index.php\/wp-json\/wp\/v2\/types\/page"}],"author":[{"embeddable":true,"href":"https:\/\/inflancka4.pl\/index.php\/wp-json\/wp\/v2\/users\/1"}],"replies":[{"embeddable":true,"href":"https:\/\/inflancka4.pl\/index.php\/wp-json\/wp\/v2\/comments?post=1444"}],"version-history":[{"count":7,"href":"https:\/\/inflancka4.pl\/index.php\/wp-json\/wp\/v2\/pages\/1444\/revisions"}],"predecessor-version":[{"id":1545,"href":"https:\/\/inflancka4.pl\/index.php\/wp-json\/wp\/v2\/pages\/1444\/revisions\/1545"}],"wp:attachment":[{"href":"https:\/\/inflancka4.pl\/index.php\/wp-json\/wp\/v2\/media?parent=1444"}],"curies":[{"name":"wp","href":"https:\/\/api.w.org\/{rel}","templated":true}]}}