{"id":1207,"date":"2023-01-06T02:50:53","date_gmt":"2023-01-06T01:50:53","guid":{"rendered":"https:\/\/inflancka4.pl\/?page_id=1207"},"modified":"2024-06-05T00:52:20","modified_gmt":"2024-06-04T22:52:20","slug":"lek-stom-bartosz-byczko","status":"publish","type":"page","link":"https:\/\/inflancka4.pl\/index.php\/lek-stom-bartosz-byczko\/","title":{"rendered":"Lek. stom. Bartosz Byczko"},"content":{"rendered":"\n<div class=\"wp-block-media-text alignwide is-stacked-on-mobile is-image-fill\"><figure class=\"wp-block-media-text__media\" style=\"background-image:url(https:\/\/inflancka4.pl\/wp-content\/uploads\/2024\/02\/1708288446588-576x1024.jpg);background-position:61% 22%\"><img fetchpriority=\"high\" decoding=\"async\" width=\"576\" height=\"1024\" src=\"https:\/\/inflancka4.pl\/wp-content\/uploads\/2024\/02\/1708288446588-576x1024.jpg\" alt=\"lek. stom. Bartosz Byczko\" class=\"wp-image-1320 size-large\" srcset=\"https:\/\/inflancka4.pl\/wp-content\/uploads\/2024\/02\/1708288446588-576x1024.jpg 576w, https:\/\/inflancka4.pl\/wp-content\/uploads\/2024\/02\/1708288446588-169x300.jpg 169w, https:\/\/inflancka4.pl\/wp-content\/uploads\/2024\/02\/1708288446588-768x1365.jpg 768w, https:\/\/inflancka4.pl\/wp-content\/uploads\/2024\/02\/1708288446588-864x1536.jpg 864w, https:\/\/inflancka4.pl\/wp-content\/uploads\/2024\/02\/1708288446588-1152x2048.jpg 1152w, https:\/\/inflancka4.pl\/wp-content\/uploads\/2024\/02\/1708288446588-350x622.jpg 350w, https:\/\/inflancka4.pl\/wp-content\/uploads\/2024\/02\/1708288446588-scaled.jpg 1440w\" sizes=\"(max-width: 576px) 100vw, 576px\" \/><\/figure><div class=\"wp-block-media-text__content\">\n<p><\/p>\n\n\n\n<p class=\"has-medium-font-size\">Absolwent kierunku Lekarsko-Stomatologicznego oraz student kierunku Lekarskiego Uniwersytetu Medycznego im. Piast\u00f3w \u015al\u0105skich we Wroc\u0142awiu.<br>W codziennej praktyce zajmuje si\u0119 stomatologi\u0105 zachowawcz\u0105, protetyk\u0105, chirurgi\u0105 oraz endodoncj\u0105.<br>Dzi\u0119ki szerokim spektrum zainteresowa\u0144, patrzy na pacjenta holistycznie, uwzgl\u0119dniaj\u0105c zebrane informacje w tworzeniu dostosowanego indywidualnie do potrzeb planu leczenia.<br>Aby zapewni\u0107 swoim Pacjentom komfort i poczucie bezpiecze\u0144stwa stale podnosi swoje kwalifikacje zawodowe uczestnicz\u0105c w konferencjach, kongresach i kursach.<\/p>\n\n\n\n<p><\/p>\n\n\n\n<div class=\"wp-block-buttons is-layout-flex wp-block-buttons-is-layout-flex\"><\/div>\n<\/div><\/div>\n\n\n\n<p><\/p>\n\n\n\n<p><\/p>\n\n\n\n<figure class=\"wp-block-gallery has-nested-images columns-4 wp-block-gallery-1 is-layout-flex wp-block-gallery-is-layout-flex\"><\/figure>\n","protected":false},"excerpt":{"rendered":"Absolwent kierunku Lekarsko-Stomatologicznego oraz student kierunku Lekarskiego Uniwersytetu Medycznego im. Piast\u00f3w \u015al\u0105skich we Wroc\u0142awiu.W codziennej praktyce zajmuje si\u0119 stomatologi\u0105 zachowawcz\u0105, protetyk\u0105, chirurgi\u0105 oraz endodoncj\u0105.Dzi\u0119ki &hellip; <a href=\"https:\/\/inflancka4.pl\/index.php\/lek-stom-bartosz-byczko\/\" class=\"readmore\">More <span class=\"screen-reader-text\">Lek. stom. Bartosz Byczko<\/span> &raquo;<\/a>","protected":false},"author":1,"featured_media":0,"parent":0,"menu_order":0,"comment_status":"closed","ping_status":"closed","template":"template-fullwidth.php","meta":{"_monsterinsights_skip_tracking":false,"_monsterinsights_sitenote_active":false,"_monsterinsights_sitenote_note":"","_monsterinsights_sitenote_category":0,"footnotes":""},"class_list":["post-1207","page","type-page","status-publish","hentry"],"aioseo_notices":[],"_links":{"self":[{"href":"https:\/\/inflancka4.pl\/index.php\/wp-json\/wp\/v2\/pages\/1207","targetHints":{"allow":["GET"]}}],"collection":[{"href":"https:\/\/inflancka4.pl\/index.php\/wp-json\/wp\/v2\/pages"}],"about":[{"href":"https:\/\/inflancka4.pl\/index.php\/wp-json\/wp\/v2\/types\/page"}],"author":[{"embeddable":true,"href":"https:\/\/inflancka4.pl\/index.php\/wp-json\/wp\/v2\/users\/1"}],"replies":[{"embeddable":true,"href":"https:\/\/inflancka4.pl\/index.php\/wp-json\/wp\/v2\/comments?post=1207"}],"version-history":[{"count":10,"href":"https:\/\/inflancka4.pl\/index.php\/wp-json\/wp\/v2\/pages\/1207\/revisions"}],"predecessor-version":[{"id":1605,"href":"https:\/\/inflancka4.pl\/index.php\/wp-json\/wp\/v2\/pages\/1207\/revisions\/1605"}],"wp:attachment":[{"href":"https:\/\/inflancka4.pl\/index.php\/wp-json\/wp\/v2\/media?parent=1207"}],"curies":[{"name":"wp","href":"https:\/\/api.w.org\/{rel}","templated":true}]}}